{"id":6733,"date":"2025-12-11T16:08:20","date_gmt":"2025-12-11T15:08:20","guid":{"rendered":"https:\/\/motorstandard.fr\/?post_type=product&#038;p=6733"},"modified":"2026-04-23T12:04:44","modified_gmt":"2026-04-23T10:04:44","slug":"kit-piston-terra-56mm","status":"publish","type":"product","link":"https:\/\/motorstandard.fr\/?product=kit-piston-terra-56mm","title":{"rendered":"Kit piston Terra 56mm"},"content":{"rendered":"<p>Kit piston pour moteur Motostandard \/ Gutbrod de la gamme Terra<\/p>\n<p>Piston en cote origine<\/p>\n<p>Contient :<br \/>\n&#8211; 1 piston coul\u00e9 pour cylindre en cote origine 56mm, sens de montage indiqu\u00e9<br \/>\n&#8211; un axe de piston diam\u00e8tre 14mm<br \/>\n&#8211; un jeu de segments (montage top vers la calotte du piston)<br \/>\n&#8211; deux clips d&rsquo;axe de piston<br \/>\n&#8211; une cage \u00e0 aiguille pour pied de bielle (axe de piston)<\/p>\n<p>ref Motostandard : 62.01.829<br \/>\nrep\u00e9r\u00e9 64 sur l&rsquo;\u00e9clat\u00e9<\/p>\n","protected":false},"excerpt":{"rendered":"<p>Kit piston pour moteur Motostandard \/ Gutbrod de la gamme Terra Piston en cote origine Contient : &#8211; 1 piston<\/p>\n","protected":false},"featured_media":6734,"comment_status":"open","ping_status":"closed","template":"","meta":[],"product_brand":[110],"product_cat":[15],"product_tag":[],"class_list":{"0":"post-6733","1":"product","2":"type-product","3":"status-publish","4":"has-post-thumbnail","6":"product_brand-motostandard","7":"product_cat-motostandard-t114-t116-t120","9":"first","10":"instock","11":"shipping-taxable","12":"purchasable","13":"product-type-simple"},"post_mailing_queue_ids":[],"_links":{"self":[{"href":"https:\/\/motorstandard.fr\/index.php?rest_route=\/wp\/v2\/product\/6733","targetHints":{"allow":["GET"]}}],"collection":[{"href":"https:\/\/motorstandard.fr\/index.php?rest_route=\/wp\/v2\/product"}],"about":[{"href":"https:\/\/motorstandard.fr\/index.php?rest_route=\/wp\/v2\/types\/product"}],"replies":[{"embeddable":true,"href":"https:\/\/motorstandard.fr\/index.php?rest_route=%2Fwp%2Fv2%2Fcomments&post=6733"}],"version-history":[{"count":1,"href":"https:\/\/motorstandard.fr\/index.php?rest_route=\/wp\/v2\/product\/6733\/revisions"}],"predecessor-version":[{"id":29362,"href":"https:\/\/motorstandard.fr\/index.php?rest_route=\/wp\/v2\/product\/6733\/revisions\/29362"}],"wp:featuredmedia":[{"embeddable":true,"href":"https:\/\/motorstandard.fr\/index.php?rest_route=\/wp\/v2\/media\/6734"}],"wp:attachment":[{"href":"https:\/\/motorstandard.fr\/index.php?rest_route=%2Fwp%2Fv2%2Fmedia&parent=6733"}],"wp:term":[{"taxonomy":"product_brand","embeddable":true,"href":"https:\/\/motorstandard.fr\/index.php?rest_route=%2Fwp%2Fv2%2Fproduct_brand&post=6733"},{"taxonomy":"product_cat","embeddable":true,"href":"https:\/\/motorstandard.fr\/index.php?rest_route=%2Fwp%2Fv2%2Fproduct_cat&post=6733"},{"taxonomy":"product_tag","embeddable":true,"href":"https:\/\/motorstandard.fr\/index.php?rest_route=%2Fwp%2Fv2%2Fproduct_tag&post=6733"}],"curies":[{"name":"wp","href":"https:\/\/api.w.org\/{rel}","templated":true}]}}