{"id":6723,"date":"2025-12-05T16:30:51","date_gmt":"2025-12-05T15:30:51","guid":{"rendered":"https:\/\/motorstandard.fr\/?post_type=product&#038;p=6723"},"modified":"2026-03-23T14:03:41","modified_gmt":"2026-03-23T13:03:41","slug":"segments-terra-56mm-origine","status":"publish","type":"product","link":"https:\/\/motorstandard.fr\/?product=segments-terra-56mm-origine","title":{"rendered":"Segments terra 56mm origine"},"content":{"rendered":"<p>Paire de segments origine pour moteur 2 temps de la gamme Motostandard \/ Gutbrod Terra<\/p>\n<p>Moteur type T114, T116 et T120 (1Z11)<\/p>\n<p>En cote origine 56mm<\/p>\n<p>ref : 61.01.055<\/p>\n<p>Vendu par paire<\/p>\n<p><strong>ATTENTION<\/strong> pour piston premi\u00e8re g\u00e9n\u00e9ration<\/p>\n<p>segments \u00e0 encoche lat\u00e9rale, voir 2ieme image<\/p>\n<p>&nbsp;<\/p>\n","protected":false},"excerpt":{"rendered":"<p>Paire de segments origine pour moteur 2 temps de la gamme Motostandard \/ Gutbrod Terra Moteur type T114, T116 et<\/p>\n","protected":false},"featured_media":6724,"comment_status":"open","ping_status":"closed","template":"","meta":[],"product_brand":[110],"product_cat":[15],"product_tag":[],"class_list":{"0":"post-6723","1":"product","2":"type-product","3":"status-publish","4":"has-post-thumbnail","6":"product_brand-motostandard","7":"product_cat-motostandard-t114-t116-t120","9":"first","10":"outofstock","11":"shipping-taxable","12":"purchasable","13":"product-type-simple"},"post_mailing_queue_ids":[],"_links":{"self":[{"href":"https:\/\/motorstandard.fr\/index.php?rest_route=\/wp\/v2\/product\/6723","targetHints":{"allow":["GET"]}}],"collection":[{"href":"https:\/\/motorstandard.fr\/index.php?rest_route=\/wp\/v2\/product"}],"about":[{"href":"https:\/\/motorstandard.fr\/index.php?rest_route=\/wp\/v2\/types\/product"}],"replies":[{"embeddable":true,"href":"https:\/\/motorstandard.fr\/index.php?rest_route=%2Fwp%2Fv2%2Fcomments&post=6723"}],"version-history":[{"count":1,"href":"https:\/\/motorstandard.fr\/index.php?rest_route=\/wp\/v2\/product\/6723\/revisions"}],"predecessor-version":[{"id":29476,"href":"https:\/\/motorstandard.fr\/index.php?rest_route=\/wp\/v2\/product\/6723\/revisions\/29476"}],"wp:featuredmedia":[{"embeddable":true,"href":"https:\/\/motorstandard.fr\/index.php?rest_route=\/wp\/v2\/media\/6724"}],"wp:attachment":[{"href":"https:\/\/motorstandard.fr\/index.php?rest_route=%2Fwp%2Fv2%2Fmedia&parent=6723"}],"wp:term":[{"taxonomy":"product_brand","embeddable":true,"href":"https:\/\/motorstandard.fr\/index.php?rest_route=%2Fwp%2Fv2%2Fproduct_brand&post=6723"},{"taxonomy":"product_cat","embeddable":true,"href":"https:\/\/motorstandard.fr\/index.php?rest_route=%2Fwp%2Fv2%2Fproduct_cat&post=6723"},{"taxonomy":"product_tag","embeddable":true,"href":"https:\/\/motorstandard.fr\/index.php?rest_route=%2Fwp%2Fv2%2Fproduct_tag&post=6723"}],"curies":[{"name":"wp","href":"https:\/\/api.w.org\/{rel}","templated":true}]}}