{"id":6721,"date":"2025-12-04T17:05:29","date_gmt":"2025-12-04T16:05:29","guid":{"rendered":"https:\/\/motorstandard.fr\/?post_type=product&#038;p=6721"},"modified":"2026-04-23T17:13:43","modified_gmt":"2026-04-23T15:13:43","slug":"antiparasite-metallique-1kohm","status":"publish","type":"product","link":"https:\/\/motorstandard.fr\/?product=antiparasite-metallique-1kohm","title":{"rendered":"Antiparasite m\u00e9tallique 1Kohm"},"content":{"rendered":"<p>Antiparasite m\u00e9tallique 1Kohm type origine pour allumage par rupteur.<\/p>\n<p>livr\u00e9 avec capuchon \u00e9tanche, fixation de la bougie sans olive.<\/p>\n<p>diametre cable haute tension 7mm<\/p>\n<p>ref Motostandard : 00.80.052<\/p>\n<p>fabrication allemande<\/p>\n","protected":false},"excerpt":{"rendered":"<p>Antiparasite m\u00e9tallique 1Kohm type origine pour allumage par rupteur. livr\u00e9 avec capuchon \u00e9tanche, fixation de la bougie sans olive. diametre<\/p>\n","protected":false},"featured_media":6722,"comment_status":"open","ping_status":"closed","template":"","meta":[],"product_brand":[],"product_cat":[138,141,145,179,184,188,86,27,28,29,32,30,24,15,16,18,13],"product_tag":[],"class_list":{"0":"post-6721","1":"product","2":"type-product","3":"status-publish","4":"has-post-thumbnail","6":"product_cat-motostandard-1030-electricite","7":"product_cat-motostandard-1031-electricite","8":"product_cat-motostandard-1032-electricite","9":"product_cat-motostandard-1040-electricite","10":"product_cat-motostandard-1050-electricite","11":"product_cat-motostandard-2060-electricite","12":"product_cat-tracteurs","13":"product_cat-motostandard-1030","14":"product_cat-motostandard-1031","15":"product_cat-motostandard-1032","16":"product_cat-motostandard-1040","17":"product_cat-motostandard-1050e","18":"product_cat-motostandard-2060","19":"product_cat-motostandard-t114-t116-t120","20":"product_cat-motostandard-t115","21":"product_cat-motostandard-t150","22":"product_cat-motostandard-t220","24":"first","25":"instock","26":"shipping-taxable","27":"purchasable","28":"product-type-simple"},"post_mailing_queue_ids":[],"_links":{"self":[{"href":"https:\/\/motorstandard.fr\/index.php?rest_route=\/wp\/v2\/product\/6721","targetHints":{"allow":["GET"]}}],"collection":[{"href":"https:\/\/motorstandard.fr\/index.php?rest_route=\/wp\/v2\/product"}],"about":[{"href":"https:\/\/motorstandard.fr\/index.php?rest_route=\/wp\/v2\/types\/product"}],"replies":[{"embeddable":true,"href":"https:\/\/motorstandard.fr\/index.php?rest_route=%2Fwp%2Fv2%2Fcomments&post=6721"}],"version-history":[{"count":1,"href":"https:\/\/motorstandard.fr\/index.php?rest_route=\/wp\/v2\/product\/6721\/revisions"}],"predecessor-version":[{"id":29537,"href":"https:\/\/motorstandard.fr\/index.php?rest_route=\/wp\/v2\/product\/6721\/revisions\/29537"}],"wp:featuredmedia":[{"embeddable":true,"href":"https:\/\/motorstandard.fr\/index.php?rest_route=\/wp\/v2\/media\/6722"}],"wp:attachment":[{"href":"https:\/\/motorstandard.fr\/index.php?rest_route=%2Fwp%2Fv2%2Fmedia&parent=6721"}],"wp:term":[{"taxonomy":"product_brand","embeddable":true,"href":"https:\/\/motorstandard.fr\/index.php?rest_route=%2Fwp%2Fv2%2Fproduct_brand&post=6721"},{"taxonomy":"product_cat","embeddable":true,"href":"https:\/\/motorstandard.fr\/index.php?rest_route=%2Fwp%2Fv2%2Fproduct_cat&post=6721"},{"taxonomy":"product_tag","embeddable":true,"href":"https:\/\/motorstandard.fr\/index.php?rest_route=%2Fwp%2Fv2%2Fproduct_tag&post=6721"}],"curies":[{"name":"wp","href":"https:\/\/api.w.org\/{rel}","templated":true}]}}