{"id":6541,"date":"2025-09-03T14:16:29","date_gmt":"2025-09-03T12:16:29","guid":{"rendered":"https:\/\/motorstandard.fr\/?post_type=product&#038;p=6541"},"modified":"2026-02-20T11:08:31","modified_gmt":"2026-02-20T10:08:31","slug":"bougie-ngk-bpmr7a","status":"publish","type":"product","link":"https:\/\/motorstandard.fr\/?product=bougie-ngk-bpmr7a","title":{"rendered":"Bougie NGK BPMR7A"},"content":{"rendered":"<p>Bougie NGK BPMR7A<\/p>\n<p>B &#8211; \u00d8 filetage : 14 mm. Cl\u00e9 : 20,8 mm.<br \/>\nP &#8211; Isolant pro\u00e9minent.<br \/>\nM &#8211; Type compact (Bantam).<br \/>\nR &#8211; R\u00e9sistance int\u00e9gr\u00e9e.<br \/>\n7 &#8211; Indice thermique de 2 (Chaud) \u00e0 13 (Froid).<br \/>\nA &#8211; Dessin sp\u00e9cial.<\/p>\n<p>Bougies d&rsquo;allumage pour tron\u00e7onneuses et d\u00e9broussailleuses.<\/p>\n","protected":false},"excerpt":{"rendered":"<p>Bougie NGK BPMR7A B &#8211; \u00d8 filetage : 14 mm. Cl\u00e9 : 20,8 mm. P &#8211; Isolant pro\u00e9minent. M &#8211;<\/p>\n","protected":false},"featured_media":6542,"comment_status":"open","ping_status":"closed","template":"","meta":[],"product_brand":[159],"product_cat":[71,156,87],"product_tag":[],"class_list":{"0":"post-6541","1":"product","2":"type-product","3":"status-publish","4":"has-post-thumbnail","6":"product_brand-ngk","7":"product_cat-bougie-dallumage","8":"product_cat-bougie-ngk","9":"product_cat-entretien","11":"first","12":"instock","13":"shipping-taxable","14":"purchasable","15":"product-type-simple"},"post_mailing_queue_ids":[],"_links":{"self":[{"href":"https:\/\/motorstandard.fr\/index.php?rest_route=\/wp\/v2\/product\/6541","targetHints":{"allow":["GET"]}}],"collection":[{"href":"https:\/\/motorstandard.fr\/index.php?rest_route=\/wp\/v2\/product"}],"about":[{"href":"https:\/\/motorstandard.fr\/index.php?rest_route=\/wp\/v2\/types\/product"}],"replies":[{"embeddable":true,"href":"https:\/\/motorstandard.fr\/index.php?rest_route=%2Fwp%2Fv2%2Fcomments&post=6541"}],"version-history":[{"count":1,"href":"https:\/\/motorstandard.fr\/index.php?rest_route=\/wp\/v2\/product\/6541\/revisions"}],"predecessor-version":[{"id":29614,"href":"https:\/\/motorstandard.fr\/index.php?rest_route=\/wp\/v2\/product\/6541\/revisions\/29614"}],"wp:featuredmedia":[{"embeddable":true,"href":"https:\/\/motorstandard.fr\/index.php?rest_route=\/wp\/v2\/media\/6542"}],"wp:attachment":[{"href":"https:\/\/motorstandard.fr\/index.php?rest_route=%2Fwp%2Fv2%2Fmedia&parent=6541"}],"wp:term":[{"taxonomy":"product_brand","embeddable":true,"href":"https:\/\/motorstandard.fr\/index.php?rest_route=%2Fwp%2Fv2%2Fproduct_brand&post=6541"},{"taxonomy":"product_cat","embeddable":true,"href":"https:\/\/motorstandard.fr\/index.php?rest_route=%2Fwp%2Fv2%2Fproduct_cat&post=6541"},{"taxonomy":"product_tag","embeddable":true,"href":"https:\/\/motorstandard.fr\/index.php?rest_route=%2Fwp%2Fv2%2Fproduct_tag&post=6541"}],"curies":[{"name":"wp","href":"https:\/\/api.w.org\/{rel}","templated":true}]}}