{"id":6525,"date":"2025-09-01T14:28:21","date_gmt":"2025-09-01T12:28:21","guid":{"rendered":"https:\/\/motorstandard.fr\/?post_type=product&#038;p=6525"},"modified":"2026-04-24T10:29:38","modified_gmt":"2026-04-24T08:29:38","slug":"collier-7-5-9mm","status":"publish","type":"product","link":"https:\/\/motorstandard.fr\/?product=collier-7-5-9mm","title":{"rendered":"Collier 7.5\/9mm"},"content":{"rendered":"<p>Collier de serrage mini.<\/p>\n<p>D\u00e9montable, pour durite d&rsquo;essence.<\/p>\n<p>diam\u00e8tre 7.5 \u00e0 9mm, compatible avec notre durite transparente <a href=\"https:\/\/motorstandard.fr\/?product=durite-essence-5x8\">Durite essence 5X9 \u2013 Motorstandard<\/a><\/p>\n<p>serrage au tournevis ou cl\u00e9 hexagonale de 6mm<\/p>\n","protected":false},"excerpt":{"rendered":"<p>Collier de serrage mini. D\u00e9montable, pour durite d&rsquo;essence. diam\u00e8tre 7.5 \u00e0 9mm, compatible avec notre durite transparente Durite essence 5X9<\/p>\n","protected":false},"featured_media":6526,"comment_status":"open","ping_status":"closed","template":"","meta":[],"product_brand":[],"product_cat":[63,66,64,70,60,136,139,143,178,186,190,54,86,19,21,20,22,27,28,29,32,30,24,37,35,38,51,15,16,18,13],"product_tag":[],"class_list":{"0":"post-6525","1":"product","2":"type-product","3":"status-publish","4":"has-post-thumbnail","6":"product_cat-aebi","7":"product_cat-bernard-w110bis","8":"product_cat-honda-g42","9":"product_cat-mag-1023","10":"product_cat-mag-1026","11":"product_cat-motostandard-1030-carburation","12":"product_cat-motostandard-1031-carburation","13":"product_cat-motostandard-1032-carburation","14":"product_cat-motostandard-1040-carburation","15":"product_cat-motostandard-1050-carburation","16":"product_cat-motostandard-2060-carburation","17":"product_cat-staub","18":"product_cat-tracteurs","19":"product_cat-bing","20":"product_cat-gurtner","21":"product_cat-solex","22":"product_cat-zenith","23":"product_cat-motostandard-1030","24":"product_cat-motostandard-1031","25":"product_cat-motostandard-1032","26":"product_cat-motostandard-1040","27":"product_cat-motostandard-1050e","28":"product_cat-motostandard-2060","29":"product_cat-bernard-139239249","30":"product_cat-bernard-w110","31":"product_cat-mag-1029","32":"product_cat-mag-1021","33":"product_cat-motostandard-t114-t116-t120","34":"product_cat-motostandard-t115","35":"product_cat-motostandard-t150","36":"product_cat-motostandard-t220","38":"first","39":"instock","40":"shipping-taxable","41":"purchasable","42":"product-type-simple"},"post_mailing_queue_ids":[],"_links":{"self":[{"href":"https:\/\/motorstandard.fr\/index.php?rest_route=\/wp\/v2\/product\/6525","targetHints":{"allow":["GET"]}}],"collection":[{"href":"https:\/\/motorstandard.fr\/index.php?rest_route=\/wp\/v2\/product"}],"about":[{"href":"https:\/\/motorstandard.fr\/index.php?rest_route=\/wp\/v2\/types\/product"}],"replies":[{"embeddable":true,"href":"https:\/\/motorstandard.fr\/index.php?rest_route=%2Fwp%2Fv2%2Fcomments&post=6525"}],"version-history":[{"count":1,"href":"https:\/\/motorstandard.fr\/index.php?rest_route=\/wp\/v2\/product\/6525\/revisions"}],"predecessor-version":[{"id":29575,"href":"https:\/\/motorstandard.fr\/index.php?rest_route=\/wp\/v2\/product\/6525\/revisions\/29575"}],"wp:featuredmedia":[{"embeddable":true,"href":"https:\/\/motorstandard.fr\/index.php?rest_route=\/wp\/v2\/media\/6526"}],"wp:attachment":[{"href":"https:\/\/motorstandard.fr\/index.php?rest_route=%2Fwp%2Fv2%2Fmedia&parent=6525"}],"wp:term":[{"taxonomy":"product_brand","embeddable":true,"href":"https:\/\/motorstandard.fr\/index.php?rest_route=%2Fwp%2Fv2%2Fproduct_brand&post=6525"},{"taxonomy":"product_cat","embeddable":true,"href":"https:\/\/motorstandard.fr\/index.php?rest_route=%2Fwp%2Fv2%2Fproduct_cat&post=6525"},{"taxonomy":"product_tag","embeddable":true,"href":"https:\/\/motorstandard.fr\/index.php?rest_route=%2Fwp%2Fv2%2Fproduct_tag&post=6525"}],"curies":[{"name":"wp","href":"https:\/\/api.w.org\/{rel}","templated":true}]}}