{"id":6486,"date":"2025-08-19T16:21:26","date_gmt":"2025-08-19T14:21:26","guid":{"rendered":"https:\/\/motorstandard.fr\/?post_type=product&#038;p=6486"},"modified":"2026-04-24T14:15:46","modified_gmt":"2026-04-24T12:15:46","slug":"douille-isolante-bing","status":"publish","type":"product","link":"https:\/\/motorstandard.fr\/?product=douille-isolante-bing","title":{"rendered":"Douille isolante BING 8\/30S"},"content":{"rendered":"<p>Douille isolante pour carburateur BING 8\/30S<\/p>\n<p>Participe \u00e0 la protection thermique et \u00e0 l&rsquo;\u00e9tanch\u00e9it\u00e9 du carburateur.<\/p>\n<p>ref : 90.05.308<\/p>\n<p>diametre 33X35<\/p>\n","protected":false},"excerpt":{"rendered":"<p>Douille isolante pour carburateur BING 8\/30S Participe \u00e0 la protection thermique et \u00e0 l&rsquo;\u00e9tanch\u00e9it\u00e9 du carburateur. ref : 90.05.308 diametre<\/p>\n","protected":false},"featured_media":6487,"comment_status":"open","ping_status":"closed","template":"","meta":[],"product_brand":[116],"product_cat":[79,186,190,86,19,30,24],"product_tag":[],"class_list":{"0":"post-6486","1":"product","2":"type-product","3":"status-publish","4":"has-post-thumbnail","6":"product_brand-bing","7":"product_cat-carburateurs","8":"product_cat-motostandard-1050-carburation","9":"product_cat-motostandard-2060-carburation","10":"product_cat-tracteurs","11":"product_cat-bing","12":"product_cat-motostandard-1050e","13":"product_cat-motostandard-2060","15":"first","16":"outofstock","17":"shipping-taxable","18":"purchasable","19":"product-type-simple"},"post_mailing_queue_ids":[],"_links":{"self":[{"href":"https:\/\/motorstandard.fr\/index.php?rest_route=\/wp\/v2\/product\/6486","targetHints":{"allow":["GET"]}}],"collection":[{"href":"https:\/\/motorstandard.fr\/index.php?rest_route=\/wp\/v2\/product"}],"about":[{"href":"https:\/\/motorstandard.fr\/index.php?rest_route=\/wp\/v2\/types\/product"}],"replies":[{"embeddable":true,"href":"https:\/\/motorstandard.fr\/index.php?rest_route=%2Fwp%2Fv2%2Fcomments&post=6486"}],"version-history":[{"count":1,"href":"https:\/\/motorstandard.fr\/index.php?rest_route=\/wp\/v2\/product\/6486\/revisions"}],"predecessor-version":[{"id":29421,"href":"https:\/\/motorstandard.fr\/index.php?rest_route=\/wp\/v2\/product\/6486\/revisions\/29421"}],"wp:featuredmedia":[{"embeddable":true,"href":"https:\/\/motorstandard.fr\/index.php?rest_route=\/wp\/v2\/media\/6487"}],"wp:attachment":[{"href":"https:\/\/motorstandard.fr\/index.php?rest_route=%2Fwp%2Fv2%2Fmedia&parent=6486"}],"wp:term":[{"taxonomy":"product_brand","embeddable":true,"href":"https:\/\/motorstandard.fr\/index.php?rest_route=%2Fwp%2Fv2%2Fproduct_brand&post=6486"},{"taxonomy":"product_cat","embeddable":true,"href":"https:\/\/motorstandard.fr\/index.php?rest_route=%2Fwp%2Fv2%2Fproduct_cat&post=6486"},{"taxonomy":"product_tag","embeddable":true,"href":"https:\/\/motorstandard.fr\/index.php?rest_route=%2Fwp%2Fv2%2Fproduct_tag&post=6486"}],"curies":[{"name":"wp","href":"https:\/\/api.w.org\/{rel}","templated":true}]}}