{"id":6140,"date":"2025-04-22T15:48:44","date_gmt":"2025-04-22T13:48:44","guid":{"rendered":"https:\/\/motorstandard.fr\/?post_type=product&#038;p=6140"},"modified":"2026-01-15T16:54:29","modified_gmt":"2026-01-15T15:54:29","slug":"gicleur-principal-honda-g42-f","status":"publish","type":"product","link":"https:\/\/motorstandard.fr\/?product=gicleur-principal-honda-g42-f","title":{"rendered":"Gicleur principal Honda G42 F"},"content":{"rendered":"<p>Gicleur principal pour carburateur Keihin.<\/p>\n<p>Se monte sur moteur Honda G42 F<\/p>\n<p>ref honda : 99114-848-0780<\/p>\n<p>Al\u00e9sage Standard 78<\/p>\n<p>Filetage M8x75<\/p>\n<p>Pi\u00e8ce rep\u00e9r\u00e9e 8 sur l&rsquo;\u00e9clat\u00e9<\/p>\n<p>&nbsp;<\/p>\n","protected":false},"excerpt":{"rendered":"<p>Gicleur principal pour carburateur Keihin. Se monte sur moteur Honda G42 F ref honda : 99114-848-0780 Al\u00e9sage Standard 78 Filetage<\/p>\n","protected":false},"featured_media":6142,"comment_status":"open","ping_status":"closed","template":"","meta":[],"product_brand":[134],"product_cat":[79,166,64,176],"product_tag":[],"class_list":{"0":"post-6140","1":"product","2":"type-product","3":"status-publish","4":"has-post-thumbnail","6":"product_brand-keihin","7":"product_cat-carburateurs","8":"product_cat-honda","9":"product_cat-honda-g42","10":"product_cat-keihin","12":"first","13":"outofstock","14":"shipping-taxable","15":"purchasable","16":"product-type-simple"},"post_mailing_queue_ids":[],"_links":{"self":[{"href":"https:\/\/motorstandard.fr\/index.php?rest_route=\/wp\/v2\/product\/6140","targetHints":{"allow":["GET"]}}],"collection":[{"href":"https:\/\/motorstandard.fr\/index.php?rest_route=\/wp\/v2\/product"}],"about":[{"href":"https:\/\/motorstandard.fr\/index.php?rest_route=\/wp\/v2\/types\/product"}],"replies":[{"embeddable":true,"href":"https:\/\/motorstandard.fr\/index.php?rest_route=%2Fwp%2Fv2%2Fcomments&post=6140"}],"version-history":[{"count":1,"href":"https:\/\/motorstandard.fr\/index.php?rest_route=\/wp\/v2\/product\/6140\/revisions"}],"predecessor-version":[{"id":29474,"href":"https:\/\/motorstandard.fr\/index.php?rest_route=\/wp\/v2\/product\/6140\/revisions\/29474"}],"wp:featuredmedia":[{"embeddable":true,"href":"https:\/\/motorstandard.fr\/index.php?rest_route=\/wp\/v2\/media\/6142"}],"wp:attachment":[{"href":"https:\/\/motorstandard.fr\/index.php?rest_route=%2Fwp%2Fv2%2Fmedia&parent=6140"}],"wp:term":[{"taxonomy":"product_brand","embeddable":true,"href":"https:\/\/motorstandard.fr\/index.php?rest_route=%2Fwp%2Fv2%2Fproduct_brand&post=6140"},{"taxonomy":"product_cat","embeddable":true,"href":"https:\/\/motorstandard.fr\/index.php?rest_route=%2Fwp%2Fv2%2Fproduct_cat&post=6140"},{"taxonomy":"product_tag","embeddable":true,"href":"https:\/\/motorstandard.fr\/index.php?rest_route=%2Fwp%2Fv2%2Fproduct_tag&post=6140"}],"curies":[{"name":"wp","href":"https:\/\/api.w.org\/{rel}","templated":true}]}}