{"id":5939,"date":"2025-03-11T17:40:09","date_gmt":"2025-03-11T16:40:09","guid":{"rendered":"https:\/\/motorstandard.fr\/?post_type=product&#038;p=5939"},"modified":"2026-03-31T18:30:09","modified_gmt":"2026-03-31T16:30:09","slug":"condensateur-bernard-w239","status":"publish","type":"product","link":"https:\/\/motorstandard.fr\/?product=condensateur-bernard-w239","title":{"rendered":"Condensateur Bernard W239"},"content":{"rendered":"<p>Condensateur pour moteur Bernard moteur<br \/>\nMod\u00e8les W17 &#8211; W27 &#8211; W117 &#8211; W127 &#8211; W18 &#8211; W218 &#8211; W318 &#8211; W9 &#8211; W29 &#8211; W139 &#8211; W239 &#8211; W610<\/p>\n<p>Ref Bernard : 390320<br \/>\nnot\u00e9 33.565 sur l&rsquo;\u00e9clat\u00e9<\/p>\n<p>diam\u00e8tre 17,4mm<br \/>\nhauteur 31mm sans le c\u00e2blage<br \/>\n1 patte de fixation, fourni avec le c\u00e2ble neuf.<\/p>\n","protected":false},"excerpt":{"rendered":"<p>Condensateur pour moteur Bernard moteur Mod\u00e8les W17 &#8211; W27 &#8211; W117 &#8211; W127 &#8211; W18 &#8211; W218 &#8211; W318 &#8211;<\/p>\n","protected":false},"featured_media":5940,"comment_status":"open","ping_status":"closed","template":"","meta":[],"product_brand":[117],"product_cat":[153,105,37],"product_tag":[],"class_list":{"0":"post-5939","1":"product","2":"type-product","3":"status-publish","4":"has-post-thumbnail","6":"product_brand-bernard-moteur","7":"product_cat-bernard-moteurs","8":"product_cat-moteurs","9":"product_cat-bernard-139239249","11":"first","12":"instock","13":"shipping-taxable","14":"purchasable","15":"product-type-simple"},"post_mailing_queue_ids":[],"_links":{"self":[{"href":"https:\/\/motorstandard.fr\/index.php?rest_route=\/wp\/v2\/product\/5939","targetHints":{"allow":["GET"]}}],"collection":[{"href":"https:\/\/motorstandard.fr\/index.php?rest_route=\/wp\/v2\/product"}],"about":[{"href":"https:\/\/motorstandard.fr\/index.php?rest_route=\/wp\/v2\/types\/product"}],"replies":[{"embeddable":true,"href":"https:\/\/motorstandard.fr\/index.php?rest_route=%2Fwp%2Fv2%2Fcomments&post=5939"}],"version-history":[{"count":2,"href":"https:\/\/motorstandard.fr\/index.php?rest_route=\/wp\/v2\/product\/5939\/revisions"}],"predecessor-version":[{"id":30453,"href":"https:\/\/motorstandard.fr\/index.php?rest_route=\/wp\/v2\/product\/5939\/revisions\/30453"}],"wp:featuredmedia":[{"embeddable":true,"href":"https:\/\/motorstandard.fr\/index.php?rest_route=\/wp\/v2\/media\/5940"}],"wp:attachment":[{"href":"https:\/\/motorstandard.fr\/index.php?rest_route=%2Fwp%2Fv2%2Fmedia&parent=5939"}],"wp:term":[{"taxonomy":"product_brand","embeddable":true,"href":"https:\/\/motorstandard.fr\/index.php?rest_route=%2Fwp%2Fv2%2Fproduct_brand&post=5939"},{"taxonomy":"product_cat","embeddable":true,"href":"https:\/\/motorstandard.fr\/index.php?rest_route=%2Fwp%2Fv2%2Fproduct_cat&post=5939"},{"taxonomy":"product_tag","embeddable":true,"href":"https:\/\/motorstandard.fr\/index.php?rest_route=%2Fwp%2Fv2%2Fproduct_tag&post=5939"}],"curies":[{"name":"wp","href":"https:\/\/api.w.org\/{rel}","templated":true}]}}