{"id":5891,"date":"2025-03-07T12:17:46","date_gmt":"2025-03-07T11:17:46","guid":{"rendered":"https:\/\/motorstandard.fr\/?post_type=product&#038;p=5891"},"modified":"2026-03-09T10:29:45","modified_gmt":"2026-03-09T09:29:45","slug":"joint-dadmission-keihin-g40","status":"publish","type":"product","link":"https:\/\/motorstandard.fr\/?product=joint-dadmission-keihin-g40","title":{"rendered":"Joint d&rsquo;admission Keihin G40"},"content":{"rendered":"<p>Joint d&rsquo;admission pour carburateur KEIHIN G40<br \/>\nMont\u00e9 sur moteur HONDA G40 , Motoculteur HONDA F40<br \/>\nrep 3 sur l&rsquo;\u00e9clat\u00e9<\/p>\n<p>Ref Honda : 1 6269 822 000<\/p>\n<p>Fabriqu\u00e9 en France<\/p>\n","protected":false},"excerpt":{"rendered":"<p>Joint d&rsquo;admission pour carburateur KEIHIN G40 Mont\u00e9 sur moteur HONDA G40 , Motoculteur HONDA F40 rep 3 sur l&rsquo;\u00e9clat\u00e9 Ref<\/p>\n","protected":false},"featured_media":5893,"comment_status":"open","ping_status":"closed","template":"","meta":[],"product_brand":[134],"product_cat":[79,166,168,176,105],"product_tag":[],"class_list":{"0":"post-5891","1":"product","2":"type-product","3":"status-publish","4":"has-post-thumbnail","6":"product_brand-keihin","7":"product_cat-carburateurs","8":"product_cat-honda","9":"product_cat-honda-g40","10":"product_cat-keihin","11":"product_cat-moteurs","13":"first","14":"instock","15":"shipping-taxable","16":"purchasable","17":"product-type-simple"},"post_mailing_queue_ids":[],"_links":{"self":[{"href":"https:\/\/motorstandard.fr\/index.php?rest_route=\/wp\/v2\/product\/5891","targetHints":{"allow":["GET"]}}],"collection":[{"href":"https:\/\/motorstandard.fr\/index.php?rest_route=\/wp\/v2\/product"}],"about":[{"href":"https:\/\/motorstandard.fr\/index.php?rest_route=\/wp\/v2\/types\/product"}],"replies":[{"embeddable":true,"href":"https:\/\/motorstandard.fr\/index.php?rest_route=%2Fwp%2Fv2%2Fcomments&post=5891"}],"version-history":[{"count":1,"href":"https:\/\/motorstandard.fr\/index.php?rest_route=\/wp\/v2\/product\/5891\/revisions"}],"predecessor-version":[{"id":29469,"href":"https:\/\/motorstandard.fr\/index.php?rest_route=\/wp\/v2\/product\/5891\/revisions\/29469"}],"wp:featuredmedia":[{"embeddable":true,"href":"https:\/\/motorstandard.fr\/index.php?rest_route=\/wp\/v2\/media\/5893"}],"wp:attachment":[{"href":"https:\/\/motorstandard.fr\/index.php?rest_route=%2Fwp%2Fv2%2Fmedia&parent=5891"}],"wp:term":[{"taxonomy":"product_brand","embeddable":true,"href":"https:\/\/motorstandard.fr\/index.php?rest_route=%2Fwp%2Fv2%2Fproduct_brand&post=5891"},{"taxonomy":"product_cat","embeddable":true,"href":"https:\/\/motorstandard.fr\/index.php?rest_route=%2Fwp%2Fv2%2Fproduct_cat&post=5891"},{"taxonomy":"product_tag","embeddable":true,"href":"https:\/\/motorstandard.fr\/index.php?rest_route=%2Fwp%2Fv2%2Fproduct_tag&post=5891"}],"curies":[{"name":"wp","href":"https:\/\/api.w.org\/{rel}","templated":true}]}}