{"id":5887,"date":"2025-03-07T11:49:54","date_gmt":"2025-03-07T10:49:54","guid":{"rendered":"https:\/\/motorstandard.fr\/?post_type=product&#038;p=5887"},"modified":"2026-03-22T18:26:47","modified_gmt":"2026-03-22T17:26:47","slug":"joint-de-cuve-keihin-g40","status":"publish","type":"product","link":"https:\/\/motorstandard.fr\/?product=joint-de-cuve-keihin-g40","title":{"rendered":"Joint de cuve Keihin G40"},"content":{"rendered":"<p>Joint de cuve pour carburateur KEIHIN G40<br \/>\nMont\u00e9 sur moteur HONDA G40 , Motoculteur HONDA F40<br \/>\nrep 17 sur l&rsquo;\u00e9clat\u00e9<\/p>\n<p>Ref Honda : 1 6172 822 004<\/p>\n<p>En caoutchouc fluor\u00e9, r\u00e9sistant aux hydrocarbures moderne.<br \/>\nFabriqu\u00e9 en France<\/p>\n","protected":false},"excerpt":{"rendered":"<p>Joint de cuve pour carburateur KEIHIN G40 Mont\u00e9 sur moteur HONDA G40 , Motoculteur HONDA F40 rep 17 sur l&rsquo;\u00e9clat\u00e9<\/p>\n","protected":false},"featured_media":5888,"comment_status":"open","ping_status":"closed","template":"","meta":[],"product_brand":[134],"product_cat":[79,166,168,176,105],"product_tag":[],"class_list":{"0":"post-5887","1":"product","2":"type-product","3":"status-publish","4":"has-post-thumbnail","6":"product_brand-keihin","7":"product_cat-carburateurs","8":"product_cat-honda","9":"product_cat-honda-g40","10":"product_cat-keihin","11":"product_cat-moteurs","13":"first","14":"instock","15":"shipping-taxable","16":"purchasable","17":"product-type-simple"},"post_mailing_queue_ids":[],"_links":{"self":[{"href":"https:\/\/motorstandard.fr\/index.php?rest_route=\/wp\/v2\/product\/5887","targetHints":{"allow":["GET"]}}],"collection":[{"href":"https:\/\/motorstandard.fr\/index.php?rest_route=\/wp\/v2\/product"}],"about":[{"href":"https:\/\/motorstandard.fr\/index.php?rest_route=\/wp\/v2\/types\/product"}],"replies":[{"embeddable":true,"href":"https:\/\/motorstandard.fr\/index.php?rest_route=%2Fwp%2Fv2%2Fcomments&post=5887"}],"version-history":[{"count":2,"href":"https:\/\/motorstandard.fr\/index.php?rest_route=\/wp\/v2\/product\/5887\/revisions"}],"predecessor-version":[{"id":29468,"href":"https:\/\/motorstandard.fr\/index.php?rest_route=\/wp\/v2\/product\/5887\/revisions\/29468"}],"wp:featuredmedia":[{"embeddable":true,"href":"https:\/\/motorstandard.fr\/index.php?rest_route=\/wp\/v2\/media\/5888"}],"wp:attachment":[{"href":"https:\/\/motorstandard.fr\/index.php?rest_route=%2Fwp%2Fv2%2Fmedia&parent=5887"}],"wp:term":[{"taxonomy":"product_brand","embeddable":true,"href":"https:\/\/motorstandard.fr\/index.php?rest_route=%2Fwp%2Fv2%2Fproduct_brand&post=5887"},{"taxonomy":"product_cat","embeddable":true,"href":"https:\/\/motorstandard.fr\/index.php?rest_route=%2Fwp%2Fv2%2Fproduct_cat&post=5887"},{"taxonomy":"product_tag","embeddable":true,"href":"https:\/\/motorstandard.fr\/index.php?rest_route=%2Fwp%2Fv2%2Fproduct_tag&post=5887"}],"curies":[{"name":"wp","href":"https:\/\/api.w.org\/{rel}","templated":true}]}}