{"id":5852,"date":"2025-02-26T15:30:34","date_gmt":"2025-02-26T14:30:34","guid":{"rendered":"https:\/\/motorstandard.fr\/?post_type=product&#038;p=5852"},"modified":"2026-04-20T10:01:39","modified_gmt":"2026-04-20T08:01:39","slug":"bouchon-reservoir-terra","status":"publish","type":"product","link":"https:\/\/motorstandard.fr\/?product=bouchon-reservoir-terra","title":{"rendered":"Bouchon r\u00e9servoir Terra"},"content":{"rendered":"<p>Bouchon de r\u00e9servoir de carburant pour MOTOSTANDARD \/ GUTBROD Terra<\/p>\n<p><strong><span style=\"color: #000000;\">Bouchon de r\u00e9servoir original <\/span><\/strong>(made in germany) Neuf<\/p>\n<p>livr\u00e9 avec son joint d&rsquo;\u00e9tanch\u00e9it\u00e9<\/p>\n<p>dimensions : Diametre Ext 64mm \/ diametre centre 37,70mm \/ longueur oreilles 46,50 \/ largeur oreilles 9mm<\/p>\n<p>ref : 00.38.081<\/p>\n","protected":false},"excerpt":{"rendered":"<p>Bouchon de r\u00e9servoir de carburant pour MOTOSTANDARD \/ GUTBROD Terra Bouchon de r\u00e9servoir original (made in germany) Neuf livr\u00e9 avec<\/p>\n","protected":false},"featured_media":5853,"comment_status":"open","ping_status":"closed","template":"","meta":[],"product_brand":[],"product_cat":[15,16,18,13],"product_tag":[],"class_list":{"0":"post-5852","1":"product","2":"type-product","3":"status-publish","4":"has-post-thumbnail","6":"product_cat-motostandard-t114-t116-t120","7":"product_cat-motostandard-t115","8":"product_cat-motostandard-t150","9":"product_cat-motostandard-t220","11":"first","12":"instock","13":"shipping-taxable","14":"purchasable","15":"product-type-simple"},"post_mailing_queue_ids":[],"_links":{"self":[{"href":"https:\/\/motorstandard.fr\/index.php?rest_route=\/wp\/v2\/product\/5852","targetHints":{"allow":["GET"]}}],"collection":[{"href":"https:\/\/motorstandard.fr\/index.php?rest_route=\/wp\/v2\/product"}],"about":[{"href":"https:\/\/motorstandard.fr\/index.php?rest_route=\/wp\/v2\/types\/product"}],"replies":[{"embeddable":true,"href":"https:\/\/motorstandard.fr\/index.php?rest_route=%2Fwp%2Fv2%2Fcomments&post=5852"}],"version-history":[{"count":1,"href":"https:\/\/motorstandard.fr\/index.php?rest_route=\/wp\/v2\/product\/5852\/revisions"}],"predecessor-version":[{"id":30437,"href":"https:\/\/motorstandard.fr\/index.php?rest_route=\/wp\/v2\/product\/5852\/revisions\/30437"}],"wp:featuredmedia":[{"embeddable":true,"href":"https:\/\/motorstandard.fr\/index.php?rest_route=\/wp\/v2\/media\/5853"}],"wp:attachment":[{"href":"https:\/\/motorstandard.fr\/index.php?rest_route=%2Fwp%2Fv2%2Fmedia&parent=5852"}],"wp:term":[{"taxonomy":"product_brand","embeddable":true,"href":"https:\/\/motorstandard.fr\/index.php?rest_route=%2Fwp%2Fv2%2Fproduct_brand&post=5852"},{"taxonomy":"product_cat","embeddable":true,"href":"https:\/\/motorstandard.fr\/index.php?rest_route=%2Fwp%2Fv2%2Fproduct_cat&post=5852"},{"taxonomy":"product_tag","embeddable":true,"href":"https:\/\/motorstandard.fr\/index.php?rest_route=%2Fwp%2Fv2%2Fproduct_tag&post=5852"}],"curies":[{"name":"wp","href":"https:\/\/api.w.org\/{rel}","templated":true}]}}