{"id":5850,"date":"2025-02-26T14:59:49","date_gmt":"2025-02-26T13:59:49","guid":{"rendered":"https:\/\/motorstandard.fr\/?post_type=product&#038;p=5850"},"modified":"2026-04-22T08:09:36","modified_gmt":"2026-04-22T06:09:36","slug":"entretoise-admission-terra","status":"publish","type":"product","link":"https:\/\/motorstandard.fr\/?product=entretoise-admission-terra","title":{"rendered":"Entretoise admission Terra"},"content":{"rendered":"<p>Entretoise isolante d&rsquo;admission pour Moteur MOTOSTANDARD\u00a0 \/ GUTBROD<\/p>\n<p>entraxe 40mm \/ hauteur 10mm \/ diam\u00e8tre int\u00e9rieur 20mm<\/p>\n<p>r\u00e9f Motostandard : 61.09.017<\/p>\n<p>&nbsp;<\/p>\n","protected":false},"excerpt":{"rendered":"<p>Entretoise isolante d&rsquo;admission pour Moteur MOTOSTANDARD\u00a0 \/ GUTBROD entraxe 40mm \/ hauteur 10mm \/ diam\u00e8tre int\u00e9rieur 20mm r\u00e9f Motostandard :<\/p>\n","protected":false},"featured_media":5851,"comment_status":"open","ping_status":"closed","template":"","meta":[],"product_brand":[],"product_cat":[15,16,18,13],"product_tag":[],"class_list":{"0":"post-5850","1":"product","2":"type-product","3":"status-publish","4":"has-post-thumbnail","6":"product_cat-motostandard-t114-t116-t120","7":"product_cat-motostandard-t115","8":"product_cat-motostandard-t150","9":"product_cat-motostandard-t220","11":"first","12":"instock","13":"shipping-taxable","14":"purchasable","15":"product-type-simple"},"post_mailing_queue_ids":[],"_links":{"self":[{"href":"https:\/\/motorstandard.fr\/index.php?rest_route=\/wp\/v2\/product\/5850","targetHints":{"allow":["GET"]}}],"collection":[{"href":"https:\/\/motorstandard.fr\/index.php?rest_route=\/wp\/v2\/product"}],"about":[{"href":"https:\/\/motorstandard.fr\/index.php?rest_route=\/wp\/v2\/types\/product"}],"replies":[{"embeddable":true,"href":"https:\/\/motorstandard.fr\/index.php?rest_route=%2Fwp%2Fv2%2Fcomments&post=5850"}],"version-history":[{"count":1,"href":"https:\/\/motorstandard.fr\/index.php?rest_route=\/wp\/v2\/product\/5850\/revisions"}],"predecessor-version":[{"id":30436,"href":"https:\/\/motorstandard.fr\/index.php?rest_route=\/wp\/v2\/product\/5850\/revisions\/30436"}],"wp:featuredmedia":[{"embeddable":true,"href":"https:\/\/motorstandard.fr\/index.php?rest_route=\/wp\/v2\/media\/5851"}],"wp:attachment":[{"href":"https:\/\/motorstandard.fr\/index.php?rest_route=%2Fwp%2Fv2%2Fmedia&parent=5850"}],"wp:term":[{"taxonomy":"product_brand","embeddable":true,"href":"https:\/\/motorstandard.fr\/index.php?rest_route=%2Fwp%2Fv2%2Fproduct_brand&post=5850"},{"taxonomy":"product_cat","embeddable":true,"href":"https:\/\/motorstandard.fr\/index.php?rest_route=%2Fwp%2Fv2%2Fproduct_cat&post=5850"},{"taxonomy":"product_tag","embeddable":true,"href":"https:\/\/motorstandard.fr\/index.php?rest_route=%2Fwp%2Fv2%2Fproduct_tag&post=5850"}],"curies":[{"name":"wp","href":"https:\/\/api.w.org\/{rel}","templated":true}]}}