{"id":5811,"date":"2025-01-29T11:10:58","date_gmt":"2025-01-29T10:10:58","guid":{"rendered":"https:\/\/motorstandard.fr\/?post_type=product&#038;p=5811"},"modified":"2026-04-14T19:36:15","modified_gmt":"2026-04-14T17:36:15","slug":"gicleur-de-ralenti-50-zenith-26-vx","status":"publish","type":"product","link":"https:\/\/motorstandard.fr\/?product=gicleur-de-ralenti-50-zenith-26-vx","title":{"rendered":"Gicleur de ralenti Zenith 26 VX"},"content":{"rendered":"<p>Gicleur de ralenti pour carburateur ZENITH 26 VX<\/p>\n<p>Al\u00e9sage 40, al\u00e9sage 50 ou al\u00e9sage 55 au choix<\/p>\n<p>fabriqu\u00e9 en France<\/p>\n<p>Pour Moteur BERNARD W112 (autres mod\u00e8les possibles)<\/p>\n<p>ref : 3760<\/p>\n","protected":false},"excerpt":{"rendered":"<p>Gicleur de ralenti pour carburateur ZENITH 26 VX Al\u00e9sage 40, al\u00e9sage 50 ou al\u00e9sage 55 au choix fabriqu\u00e9 en France<\/p>\n","protected":false},"featured_media":5808,"comment_status":"open","ping_status":"closed","template":"","meta":[],"product_brand":[114],"product_cat":[153,152,79,22],"product_tag":[],"class_list":{"0":"post-5811","1":"product","2":"type-product","3":"status-publish","4":"has-post-thumbnail","6":"product_brand-zenith","7":"product_cat-bernard-moteurs","8":"product_cat-bernard-w112","9":"product_cat-carburateurs","10":"product_cat-zenith","12":"first","13":"instock","14":"shipping-taxable","15":"purchasable","16":"product-type-variable"},"post_mailing_queue_ids":[],"_links":{"self":[{"href":"https:\/\/motorstandard.fr\/index.php?rest_route=\/wp\/v2\/product\/5811","targetHints":{"allow":["GET"]}}],"collection":[{"href":"https:\/\/motorstandard.fr\/index.php?rest_route=\/wp\/v2\/product"}],"about":[{"href":"https:\/\/motorstandard.fr\/index.php?rest_route=\/wp\/v2\/types\/product"}],"replies":[{"embeddable":true,"href":"https:\/\/motorstandard.fr\/index.php?rest_route=%2Fwp%2Fv2%2Fcomments&post=5811"}],"version-history":[{"count":2,"href":"https:\/\/motorstandard.fr\/index.php?rest_route=\/wp\/v2\/product\/5811\/revisions"}],"predecessor-version":[{"id":29598,"href":"https:\/\/motorstandard.fr\/index.php?rest_route=\/wp\/v2\/product\/5811\/revisions\/29598"}],"wp:featuredmedia":[{"embeddable":true,"href":"https:\/\/motorstandard.fr\/index.php?rest_route=\/wp\/v2\/media\/5808"}],"wp:attachment":[{"href":"https:\/\/motorstandard.fr\/index.php?rest_route=%2Fwp%2Fv2%2Fmedia&parent=5811"}],"wp:term":[{"taxonomy":"product_brand","embeddable":true,"href":"https:\/\/motorstandard.fr\/index.php?rest_route=%2Fwp%2Fv2%2Fproduct_brand&post=5811"},{"taxonomy":"product_cat","embeddable":true,"href":"https:\/\/motorstandard.fr\/index.php?rest_route=%2Fwp%2Fv2%2Fproduct_cat&post=5811"},{"taxonomy":"product_tag","embeddable":true,"href":"https:\/\/motorstandard.fr\/index.php?rest_route=%2Fwp%2Fv2%2Fproduct_tag&post=5811"}],"curies":[{"name":"wp","href":"https:\/\/api.w.org\/{rel}","templated":true}]}}