{"id":5603,"date":"2024-09-09T14:29:20","date_gmt":"2024-09-09T12:29:20","guid":{"rendered":"https:\/\/motorstandard.fr\/?post_type=product&#038;p=5603"},"modified":"2026-01-15T16:49:19","modified_gmt":"2026-01-15T15:49:19","slug":"segments-terra-56mm","status":"publish","type":"product","link":"https:\/\/motorstandard.fr\/?product=segments-terra-56mm","title":{"rendered":"Segments terra 56mm"},"content":{"rendered":"<p>Paire de segments pour moteur 2 temps de la gamme Motostandard \/ Gutbrod Terra<\/p>\n<p>Moteur type T114, T116 et T120 (1Z11)<\/p>\n<p>En cote origine 56mm<\/p>\n<p>ref : 61.01.055<\/p>\n<p>Vendu par paire<\/p>\n<p><strong>ATTENTION<\/strong> pour piston derni\u00e8re g\u00e9n\u00e9ration ergot int\u00e9rieur<\/p>\n<p>Montage marque en direction de la calotte du piston (Top)<\/p>\n","protected":false},"excerpt":{"rendered":"<p>Paire de segments pour moteur 2 temps de la gamme Motostandard \/ Gutbrod Terra Moteur type T114, T116 et T120<\/p>\n","protected":false},"featured_media":5604,"comment_status":"open","ping_status":"closed","template":"","meta":[],"product_brand":[],"product_cat":[15],"product_tag":[],"class_list":{"0":"post-5603","1":"product","2":"type-product","3":"status-publish","4":"has-post-thumbnail","6":"product_cat-motostandard-t114-t116-t120","8":"first","9":"outofstock","10":"shipping-taxable","11":"purchasable","12":"product-type-simple"},"post_mailing_queue_ids":[],"_links":{"self":[{"href":"https:\/\/motorstandard.fr\/index.php?rest_route=\/wp\/v2\/product\/5603","targetHints":{"allow":["GET"]}}],"collection":[{"href":"https:\/\/motorstandard.fr\/index.php?rest_route=\/wp\/v2\/product"}],"about":[{"href":"https:\/\/motorstandard.fr\/index.php?rest_route=\/wp\/v2\/types\/product"}],"replies":[{"embeddable":true,"href":"https:\/\/motorstandard.fr\/index.php?rest_route=%2Fwp%2Fv2%2Fcomments&post=5603"}],"version-history":[{"count":1,"href":"https:\/\/motorstandard.fr\/index.php?rest_route=\/wp\/v2\/product\/5603\/revisions"}],"predecessor-version":[{"id":30432,"href":"https:\/\/motorstandard.fr\/index.php?rest_route=\/wp\/v2\/product\/5603\/revisions\/30432"}],"wp:featuredmedia":[{"embeddable":true,"href":"https:\/\/motorstandard.fr\/index.php?rest_route=\/wp\/v2\/media\/5604"}],"wp:attachment":[{"href":"https:\/\/motorstandard.fr\/index.php?rest_route=%2Fwp%2Fv2%2Fmedia&parent=5603"}],"wp:term":[{"taxonomy":"product_brand","embeddable":true,"href":"https:\/\/motorstandard.fr\/index.php?rest_route=%2Fwp%2Fv2%2Fproduct_brand&post=5603"},{"taxonomy":"product_cat","embeddable":true,"href":"https:\/\/motorstandard.fr\/index.php?rest_route=%2Fwp%2Fv2%2Fproduct_cat&post=5603"},{"taxonomy":"product_tag","embeddable":true,"href":"https:\/\/motorstandard.fr\/index.php?rest_route=%2Fwp%2Fv2%2Fproduct_tag&post=5603"}],"curies":[{"name":"wp","href":"https:\/\/api.w.org\/{rel}","templated":true}]}}