{"id":5270,"date":"2024-04-10T15:37:12","date_gmt":"2024-04-10T13:37:12","guid":{"rendered":"https:\/\/motorstandard.fr\/?post_type=product&#038;p=5270"},"modified":"2026-02-20T15:21:18","modified_gmt":"2026-02-20T14:21:18","slug":"joint-pointeau-solex-22-zcia","status":"publish","type":"product","link":"https:\/\/motorstandard.fr\/?product=joint-pointeau-solex-22-zcia","title":{"rendered":"Joint pointeau Solex 22 ZCIA"},"content":{"rendered":"<p>Joint cuivre pour Pointeau SOLEX 22 ZCIA<\/p>\n<p>rep\u00e9r\u00e9 115 sur l&rsquo;\u00e9clat\u00e9<\/p>\n<p>ref Solex : 2.261\/1<\/p>\n<p>&nbsp;<\/p>\n","protected":false},"excerpt":{"rendered":"<p>Joint cuivre pour Pointeau SOLEX 22 ZCIA rep\u00e9r\u00e9 115 sur l&rsquo;\u00e9clat\u00e9 ref Solex : 2.261\/1 &nbsp;<\/p>\n","protected":false},"featured_media":5271,"comment_status":"open","ping_status":"closed","template":"","meta":[],"product_brand":[112],"product_cat":[79,20],"product_tag":[],"class_list":{"0":"post-5270","1":"product","2":"type-product","3":"status-publish","4":"has-post-thumbnail","6":"product_brand-solex","7":"product_cat-carburateurs","8":"product_cat-solex","10":"first","11":"instock","12":"shipping-taxable","13":"purchasable","14":"product-type-simple"},"post_mailing_queue_ids":[],"_links":{"self":[{"href":"https:\/\/motorstandard.fr\/index.php?rest_route=\/wp\/v2\/product\/5270","targetHints":{"allow":["GET"]}}],"collection":[{"href":"https:\/\/motorstandard.fr\/index.php?rest_route=\/wp\/v2\/product"}],"about":[{"href":"https:\/\/motorstandard.fr\/index.php?rest_route=\/wp\/v2\/types\/product"}],"replies":[{"embeddable":true,"href":"https:\/\/motorstandard.fr\/index.php?rest_route=%2Fwp%2Fv2%2Fcomments&post=5270"}],"version-history":[{"count":2,"href":"https:\/\/motorstandard.fr\/index.php?rest_route=\/wp\/v2\/product\/5270\/revisions"}],"predecessor-version":[{"id":29403,"href":"https:\/\/motorstandard.fr\/index.php?rest_route=\/wp\/v2\/product\/5270\/revisions\/29403"}],"wp:featuredmedia":[{"embeddable":true,"href":"https:\/\/motorstandard.fr\/index.php?rest_route=\/wp\/v2\/media\/5271"}],"wp:attachment":[{"href":"https:\/\/motorstandard.fr\/index.php?rest_route=%2Fwp%2Fv2%2Fmedia&parent=5270"}],"wp:term":[{"taxonomy":"product_brand","embeddable":true,"href":"https:\/\/motorstandard.fr\/index.php?rest_route=%2Fwp%2Fv2%2Fproduct_brand&post=5270"},{"taxonomy":"product_cat","embeddable":true,"href":"https:\/\/motorstandard.fr\/index.php?rest_route=%2Fwp%2Fv2%2Fproduct_cat&post=5270"},{"taxonomy":"product_tag","embeddable":true,"href":"https:\/\/motorstandard.fr\/index.php?rest_route=%2Fwp%2Fv2%2Fproduct_tag&post=5270"}],"curies":[{"name":"wp","href":"https:\/\/api.w.org\/{rel}","templated":true}]}}