{"id":4699,"date":"2023-08-21T15:05:29","date_gmt":"2023-08-21T13:05:29","guid":{"rendered":"https:\/\/motorstandard.fr\/?post_type=product&#038;p=4699"},"modified":"2026-05-03T20:02:42","modified_gmt":"2026-05-03T18:02:42","slug":"durite-air-motostandard-terra","status":"publish","type":"product","link":"https:\/\/motorstandard.fr\/?product=durite-air-motostandard-terra","title":{"rendered":"Durite air motostandard terra"},"content":{"rendered":"<p>Durite d&rsquo;alimentation en air des motobineuses Motostandard \/ Gutbrod type Terra<\/p>\n<p>Cette durite relie le filtre \u00e0 air au carburateur (BING 8\/15.5 et GURTNER type Z)<\/p>\n<p>Le c\u00f4t\u00e9 long se monte sur la tubulure du filtre \u00e0 air (appliquer une goutte de d\u00e9grippant pour le montage, au besoin)<\/p>\n<p>diam\u00e8tre tubulure du filtre \u00e0 air : 30mm<\/p>\n<p>Le c\u00f4t\u00e9 court sur le carburateur.<\/p>\n<p>livr\u00e9e sans collier<\/p>\n<p>&nbsp;<\/p>\n<p>Durite neuve et souple, remplace la durite courte d&rsquo;origine<\/p>\n<p>ref : 61.09.050<\/p>\n","protected":false},"excerpt":{"rendered":"<p>Durite d&rsquo;alimentation en air des motobineuses Motostandard \/ Gutbrod type Terra Cette durite relie le filtre \u00e0 air au carburateur<\/p>\n","protected":false},"featured_media":4700,"comment_status":"open","ping_status":"closed","template":"","meta":[],"product_brand":[110],"product_cat":[15,16,13],"product_tag":[],"class_list":{"0":"post-4699","1":"product","2":"type-product","3":"status-publish","4":"has-post-thumbnail","6":"product_brand-motostandard","7":"product_cat-motostandard-t114-t116-t120","8":"product_cat-motostandard-t115","9":"product_cat-motostandard-t220","11":"first","12":"instock","13":"shipping-taxable","14":"purchasable","15":"product-type-simple"},"post_mailing_queue_ids":[],"_links":{"self":[{"href":"https:\/\/motorstandard.fr\/index.php?rest_route=\/wp\/v2\/product\/4699","targetHints":{"allow":["GET"]}}],"collection":[{"href":"https:\/\/motorstandard.fr\/index.php?rest_route=\/wp\/v2\/product"}],"about":[{"href":"https:\/\/motorstandard.fr\/index.php?rest_route=\/wp\/v2\/types\/product"}],"replies":[{"embeddable":true,"href":"https:\/\/motorstandard.fr\/index.php?rest_route=%2Fwp%2Fv2%2Fcomments&post=4699"}],"version-history":[{"count":1,"href":"https:\/\/motorstandard.fr\/index.php?rest_route=\/wp\/v2\/product\/4699\/revisions"}],"predecessor-version":[{"id":29397,"href":"https:\/\/motorstandard.fr\/index.php?rest_route=\/wp\/v2\/product\/4699\/revisions\/29397"}],"wp:featuredmedia":[{"embeddable":true,"href":"https:\/\/motorstandard.fr\/index.php?rest_route=\/wp\/v2\/media\/4700"}],"wp:attachment":[{"href":"https:\/\/motorstandard.fr\/index.php?rest_route=%2Fwp%2Fv2%2Fmedia&parent=4699"}],"wp:term":[{"taxonomy":"product_brand","embeddable":true,"href":"https:\/\/motorstandard.fr\/index.php?rest_route=%2Fwp%2Fv2%2Fproduct_brand&post=4699"},{"taxonomy":"product_cat","embeddable":true,"href":"https:\/\/motorstandard.fr\/index.php?rest_route=%2Fwp%2Fv2%2Fproduct_cat&post=4699"},{"taxonomy":"product_tag","embeddable":true,"href":"https:\/\/motorstandard.fr\/index.php?rest_route=%2Fwp%2Fv2%2Fproduct_tag&post=4699"}],"curies":[{"name":"wp","href":"https:\/\/api.w.org\/{rel}","templated":true}]}}