{"id":4687,"date":"2023-08-18T15:42:10","date_gmt":"2023-08-18T13:42:10","guid":{"rendered":"https:\/\/motorstandard.fr\/?post_type=product&#038;p=4687"},"modified":"2026-05-04T11:07:38","modified_gmt":"2026-05-04T09:07:38","slug":"robinet-double","status":"publish","type":"product","link":"https:\/\/motorstandard.fr\/?product=robinet-double","title":{"rendered":"Robinet double"},"content":{"rendered":"<p>Robinet d&rsquo;essence 2 entr\u00e9es \u00e0 vis.<\/p>\n<p>Sp\u00e9cifique aux motobineuses Gutbrod \/ Motostandard<\/p>\n<p>Se monte sur les carburateurs Gurtner et Bing<\/p>\n<p>Vendu nu, sans joints sans vis.<\/p>\n<p>vis sp\u00e9cifique BING ci-apr\u00e8s :<\/p>\n<p><a href=\"https:\/\/motorstandard.fr\/?product=vis-raccord-banjo-bing\">Vis raccord banjo Bing \u2013 Motorstandard<\/a><\/p>\n<p>ref du robinet : 00.38.058<\/p>\n<p>&nbsp;<\/p>\n","protected":false},"excerpt":{"rendered":"<p>Robinet d&rsquo;essence 2 entr\u00e9es \u00e0 vis. Sp\u00e9cifique aux motobineuses Gutbrod \/ Motostandard Se monte sur les carburateurs Gurtner et Bing<\/p>\n","protected":false},"featured_media":4688,"comment_status":"open","ping_status":"closed","template":"","meta":[],"product_brand":[110],"product_cat":[19,21,15,16,18,13],"product_tag":[],"class_list":{"0":"post-4687","1":"product","2":"type-product","3":"status-publish","4":"has-post-thumbnail","6":"product_brand-motostandard","7":"product_cat-bing","8":"product_cat-gurtner","9":"product_cat-motostandard-t114-t116-t120","10":"product_cat-motostandard-t115","11":"product_cat-motostandard-t150","12":"product_cat-motostandard-t220","14":"first","15":"instock","16":"shipping-taxable","17":"purchasable","18":"product-type-simple"},"post_mailing_queue_ids":[],"_links":{"self":[{"href":"https:\/\/motorstandard.fr\/index.php?rest_route=\/wp\/v2\/product\/4687","targetHints":{"allow":["GET"]}}],"collection":[{"href":"https:\/\/motorstandard.fr\/index.php?rest_route=\/wp\/v2\/product"}],"about":[{"href":"https:\/\/motorstandard.fr\/index.php?rest_route=\/wp\/v2\/types\/product"}],"replies":[{"embeddable":true,"href":"https:\/\/motorstandard.fr\/index.php?rest_route=%2Fwp%2Fv2%2Fcomments&post=4687"}],"version-history":[{"count":2,"href":"https:\/\/motorstandard.fr\/index.php?rest_route=\/wp\/v2\/product\/4687\/revisions"}],"predecessor-version":[{"id":29373,"href":"https:\/\/motorstandard.fr\/index.php?rest_route=\/wp\/v2\/product\/4687\/revisions\/29373"}],"wp:featuredmedia":[{"embeddable":true,"href":"https:\/\/motorstandard.fr\/index.php?rest_route=\/wp\/v2\/media\/4688"}],"wp:attachment":[{"href":"https:\/\/motorstandard.fr\/index.php?rest_route=%2Fwp%2Fv2%2Fmedia&parent=4687"}],"wp:term":[{"taxonomy":"product_brand","embeddable":true,"href":"https:\/\/motorstandard.fr\/index.php?rest_route=%2Fwp%2Fv2%2Fproduct_brand&post=4687"},{"taxonomy":"product_cat","embeddable":true,"href":"https:\/\/motorstandard.fr\/index.php?rest_route=%2Fwp%2Fv2%2Fproduct_cat&post=4687"},{"taxonomy":"product_tag","embeddable":true,"href":"https:\/\/motorstandard.fr\/index.php?rest_route=%2Fwp%2Fv2%2Fproduct_tag&post=4687"}],"curies":[{"name":"wp","href":"https:\/\/api.w.org\/{rel}","templated":true}]}}