{"id":4072,"date":"2023-01-06T11:01:52","date_gmt":"2023-01-06T10:01:52","guid":{"rendered":"https:\/\/motorstandard.fr\/?post_type=product&#038;p=4072"},"modified":"2026-04-22T11:27:48","modified_gmt":"2026-04-22T09:27:48","slug":"joint-de-robinet-honda-f42","status":"publish","type":"product","link":"https:\/\/motorstandard.fr\/?product=joint-de-robinet-honda-f42","title":{"rendered":"Joint de robinet Honda F42"},"content":{"rendered":"<p>Joint pour robinet essence pour motoculteur HONDA F42 \u00e0 moteur Honda G42<\/p>\n<p>Ref HONDA : 16959-865-000<\/p>\n<p>fabrication fran\u00e7aise<\/p>\n<p>Pi\u00e8ce n\u00b06 sur l&rsquo;\u00e9clat\u00e9<\/p>\n","protected":false},"excerpt":{"rendered":"<p>Joint pour robinet essence pour motoculteur HONDA F42 \u00e0 moteur Honda G42 Ref HONDA : 16959-865-000 fabrication fran\u00e7aise Pi\u00e8ce n\u00b06<\/p>\n","protected":false},"featured_media":4073,"comment_status":"open","ping_status":"closed","template":"","meta":[],"product_brand":[109],"product_cat":[166,64,105],"product_tag":[],"class_list":{"0":"post-4072","1":"product","2":"type-product","3":"status-publish","4":"has-post-thumbnail","6":"product_brand-honda","7":"product_cat-honda","8":"product_cat-honda-g42","9":"product_cat-moteurs","11":"first","12":"instock","13":"shipping-taxable","14":"purchasable","15":"product-type-simple"},"post_mailing_queue_ids":[],"_links":{"self":[{"href":"https:\/\/motorstandard.fr\/index.php?rest_route=\/wp\/v2\/product\/4072","targetHints":{"allow":["GET"]}}],"collection":[{"href":"https:\/\/motorstandard.fr\/index.php?rest_route=\/wp\/v2\/product"}],"about":[{"href":"https:\/\/motorstandard.fr\/index.php?rest_route=\/wp\/v2\/types\/product"}],"replies":[{"embeddable":true,"href":"https:\/\/motorstandard.fr\/index.php?rest_route=%2Fwp%2Fv2%2Fcomments&post=4072"}],"version-history":[{"count":1,"href":"https:\/\/motorstandard.fr\/index.php?rest_route=\/wp\/v2\/product\/4072\/revisions"}],"predecessor-version":[{"id":29369,"href":"https:\/\/motorstandard.fr\/index.php?rest_route=\/wp\/v2\/product\/4072\/revisions\/29369"}],"wp:featuredmedia":[{"embeddable":true,"href":"https:\/\/motorstandard.fr\/index.php?rest_route=\/wp\/v2\/media\/4073"}],"wp:attachment":[{"href":"https:\/\/motorstandard.fr\/index.php?rest_route=%2Fwp%2Fv2%2Fmedia&parent=4072"}],"wp:term":[{"taxonomy":"product_brand","embeddable":true,"href":"https:\/\/motorstandard.fr\/index.php?rest_route=%2Fwp%2Fv2%2Fproduct_brand&post=4072"},{"taxonomy":"product_cat","embeddable":true,"href":"https:\/\/motorstandard.fr\/index.php?rest_route=%2Fwp%2Fv2%2Fproduct_cat&post=4072"},{"taxonomy":"product_tag","embeddable":true,"href":"https:\/\/motorstandard.fr\/index.php?rest_route=%2Fwp%2Fv2%2Fproduct_tag&post=4072"}],"curies":[{"name":"wp","href":"https:\/\/api.w.org\/{rel}","templated":true}]}}