{"id":3825,"date":"2022-07-25T12:01:17","date_gmt":"2022-07-25T10:01:17","guid":{"rendered":"https:\/\/motorstandard.fr\/?post_type=product&#038;p=3825"},"modified":"2026-04-07T16:30:10","modified_gmt":"2026-04-07T14:30:10","slug":"gicleur-principal-bing-serie-1","status":"publish","type":"product","link":"https:\/\/motorstandard.fr\/?product=gicleur-principal-bing-serie-1","title":{"rendered":"Gicleur principal BING s\u00e9rie 1"},"content":{"rendered":"<p>Gicleur principal pour carburateur BING s\u00e9rie 1<\/p>\n<p>Se monte en bout du diffuseur, c\u00f4t\u00e9 cuve.<\/p>\n<p>dimension de l&rsquo;hexagone 8mm<\/p>\n<p>pi\u00e8ce N\u00b01 sur l&rsquo;\u00e9clat\u00e9<\/p>\n<p>&nbsp;<\/p>\n<p>Pi\u00e8ce de refabrication, se monte sur plusieurs carburateur BING s\u00e9rie 1<\/p>\n<p><strong>diff\u00e9rents diam\u00e8tres disponibles \u00e0 pr\u00e9ciser dans l&rsquo;onglet commentaire lors de la commande :<\/strong><\/p>\n<p>diam 110 (1 en stock)<\/p>\n<p>diam 115 (1 en stock)<\/p>\n<p>diam 120 (0 en stock)<\/p>\n<p>&nbsp;<\/p>\n","protected":false},"excerpt":{"rendered":"<p>Gicleur principal pour carburateur BING s\u00e9rie 1 Se monte en bout du diffuseur, c\u00f4t\u00e9 cuve. dimension de l&rsquo;hexagone 8mm pi\u00e8ce<\/p>\n","protected":false},"featured_media":3826,"comment_status":"open","ping_status":"closed","template":"","meta":[],"product_brand":[116],"product_cat":[79,19],"product_tag":[],"class_list":{"0":"post-3825","1":"product","2":"type-product","3":"status-publish","4":"has-post-thumbnail","6":"product_brand-bing","7":"product_cat-carburateurs","8":"product_cat-bing","10":"first","11":"instock","12":"shipping-taxable","13":"purchasable","14":"product-type-simple"},"post_mailing_queue_ids":[],"_links":{"self":[{"href":"https:\/\/motorstandard.fr\/index.php?rest_route=\/wp\/v2\/product\/3825","targetHints":{"allow":["GET"]}}],"collection":[{"href":"https:\/\/motorstandard.fr\/index.php?rest_route=\/wp\/v2\/product"}],"about":[{"href":"https:\/\/motorstandard.fr\/index.php?rest_route=\/wp\/v2\/types\/product"}],"replies":[{"embeddable":true,"href":"https:\/\/motorstandard.fr\/index.php?rest_route=%2Fwp%2Fv2%2Fcomments&post=3825"}],"version-history":[{"count":3,"href":"https:\/\/motorstandard.fr\/index.php?rest_route=\/wp\/v2\/product\/3825\/revisions"}],"predecessor-version":[{"id":30798,"href":"https:\/\/motorstandard.fr\/index.php?rest_route=\/wp\/v2\/product\/3825\/revisions\/30798"}],"wp:featuredmedia":[{"embeddable":true,"href":"https:\/\/motorstandard.fr\/index.php?rest_route=\/wp\/v2\/media\/3826"}],"wp:attachment":[{"href":"https:\/\/motorstandard.fr\/index.php?rest_route=%2Fwp%2Fv2%2Fmedia&parent=3825"}],"wp:term":[{"taxonomy":"product_brand","embeddable":true,"href":"https:\/\/motorstandard.fr\/index.php?rest_route=%2Fwp%2Fv2%2Fproduct_brand&post=3825"},{"taxonomy":"product_cat","embeddable":true,"href":"https:\/\/motorstandard.fr\/index.php?rest_route=%2Fwp%2Fv2%2Fproduct_cat&post=3825"},{"taxonomy":"product_tag","embeddable":true,"href":"https:\/\/motorstandard.fr\/index.php?rest_route=%2Fwp%2Fv2%2Fproduct_tag&post=3825"}],"curies":[{"name":"wp","href":"https:\/\/api.w.org\/{rel}","templated":true}]}}