{"id":3117,"date":"2021-10-04T15:45:09","date_gmt":"2021-10-04T13:45:09","guid":{"rendered":"https:\/\/motorstandard.fr\/?post_type=product&#038;p=3117"},"modified":"2026-01-29T10:42:52","modified_gmt":"2026-01-29T09:42:52","slug":"butee-dembrayage-a-bille","status":"publish","type":"product","link":"https:\/\/motorstandard.fr\/?product=butee-dembrayage-a-bille","title":{"rendered":"But\u00e9e d&#8217;embrayage \u00e0 bille"},"content":{"rendered":"<p>But\u00e9e d&#8217;embrayage \u00e0 bille pour micro-tracteur Motostandard \/ Gutbrod<\/p>\n<p>diametre int 30<\/p>\n<p>diametre ext 54<\/p>\n<p>largeur hors maneton 60<\/p>\n<p>largeur totale 75<\/p>\n<p>maneton diam\u00e8tre 10<\/p>\n<p>Remplace la but\u00e9e d&rsquo;origine graphit\u00e9e des microtracteur Gutbrod \/ Motostandard<\/p>\n<p>Se monte aussi chez Holder<\/p>\n<p>Pi\u00e8ce neuve origine SACHS<\/p>\n<p>ref : 90.08.233<\/p>\n","protected":false},"excerpt":{"rendered":"<p>But\u00e9e d&#8217;embrayage \u00e0 bille pour micro-tracteur Motostandard \/ Gutbrod diametre int 30 diametre ext 54 largeur hors maneton 60 largeur<\/p>\n","protected":false},"featured_media":30500,"comment_status":"open","ping_status":"closed","template":"","meta":[],"product_brand":[],"product_cat":[137,142,146,180,187,191,86,27,28,29,32,30,24],"product_tag":[],"class_list":{"0":"post-3117","1":"product","2":"type-product","3":"status-publish","4":"has-post-thumbnail","6":"product_cat-motostandard-1030-transmission","7":"product_cat-motostandard-1031-transmission","8":"product_cat-motostandard-1032-transmission","9":"product_cat-motostandard-1040-transmission","10":"product_cat-motostandard-1050-transmission","11":"product_cat-motostandard-2060-transmission","12":"product_cat-tracteurs","13":"product_cat-motostandard-1030","14":"product_cat-motostandard-1031","15":"product_cat-motostandard-1032","16":"product_cat-motostandard-1040","17":"product_cat-motostandard-1050e","18":"product_cat-motostandard-2060","20":"first","21":"outofstock","22":"shipping-taxable","23":"purchasable","24":"product-type-simple"},"post_mailing_queue_ids":[],"_links":{"self":[{"href":"https:\/\/motorstandard.fr\/index.php?rest_route=\/wp\/v2\/product\/3117","targetHints":{"allow":["GET"]}}],"collection":[{"href":"https:\/\/motorstandard.fr\/index.php?rest_route=\/wp\/v2\/product"}],"about":[{"href":"https:\/\/motorstandard.fr\/index.php?rest_route=\/wp\/v2\/types\/product"}],"replies":[{"embeddable":true,"href":"https:\/\/motorstandard.fr\/index.php?rest_route=%2Fwp%2Fv2%2Fcomments&post=3117"}],"version-history":[{"count":3,"href":"https:\/\/motorstandard.fr\/index.php?rest_route=\/wp\/v2\/product\/3117\/revisions"}],"predecessor-version":[{"id":30501,"href":"https:\/\/motorstandard.fr\/index.php?rest_route=\/wp\/v2\/product\/3117\/revisions\/30501"}],"wp:featuredmedia":[{"embeddable":true,"href":"https:\/\/motorstandard.fr\/index.php?rest_route=\/wp\/v2\/media\/30500"}],"wp:attachment":[{"href":"https:\/\/motorstandard.fr\/index.php?rest_route=%2Fwp%2Fv2%2Fmedia&parent=3117"}],"wp:term":[{"taxonomy":"product_brand","embeddable":true,"href":"https:\/\/motorstandard.fr\/index.php?rest_route=%2Fwp%2Fv2%2Fproduct_brand&post=3117"},{"taxonomy":"product_cat","embeddable":true,"href":"https:\/\/motorstandard.fr\/index.php?rest_route=%2Fwp%2Fv2%2Fproduct_cat&post=3117"},{"taxonomy":"product_tag","embeddable":true,"href":"https:\/\/motorstandard.fr\/index.php?rest_route=%2Fwp%2Fv2%2Fproduct_tag&post=3117"}],"curies":[{"name":"wp","href":"https:\/\/api.w.org\/{rel}","templated":true}]}}