{"id":3112,"date":"2021-10-04T14:28:21","date_gmt":"2021-10-04T12:28:21","guid":{"rendered":"https:\/\/motorstandard.fr\/?post_type=product&#038;p=3112"},"modified":"2026-01-15T16:24:37","modified_gmt":"2026-01-15T15:24:37","slug":"disque-embrayage-diam-160","status":"publish","type":"product","link":"https:\/\/motorstandard.fr\/?product=disque-embrayage-diam-160","title":{"rendered":"Disque embrayage diam 160"},"content":{"rendered":"<p>Disque d&#8217;embrayage <strong>diam\u00e8tre 160 mm<\/strong> pour micro tracteur Gutbrod \/\u00a0 Motostandard<\/p>\n<p>10 cannelures, moyeu d\u00e9port\u00e9 18&#215;23<\/p>\n<p>Se monte sur la derni\u00e8re g\u00e9n\u00e9ration de microtracteur Gutbrod \/\u00a0 Motostandard<\/p>\n<p>Se monte \u00e9galement sur certains Holder<\/p>\n<p>Ref : 90.21.019<\/p>\n","protected":false},"excerpt":{"rendered":"<p>Disque d&#8217;embrayage diam\u00e8tre 160 mm pour micro tracteur Gutbrod \/\u00a0 Motostandard 10 cannelures, moyeu d\u00e9port\u00e9 18&#215;23 Se monte sur la<\/p>\n","protected":false},"featured_media":3114,"comment_status":"open","ping_status":"closed","template":"","meta":[],"product_brand":[],"product_cat":[146,191,86,29,24],"product_tag":[],"class_list":{"0":"post-3112","1":"product","2":"type-product","3":"status-publish","4":"has-post-thumbnail","6":"product_cat-motostandard-1032-transmission","7":"product_cat-motostandard-2060-transmission","8":"product_cat-tracteurs","9":"product_cat-motostandard-1032","10":"product_cat-motostandard-2060","12":"first","13":"outofstock","14":"shipping-taxable","15":"purchasable","16":"product-type-simple"},"post_mailing_queue_ids":[],"_links":{"self":[{"href":"https:\/\/motorstandard.fr\/index.php?rest_route=\/wp\/v2\/product\/3112","targetHints":{"allow":["GET"]}}],"collection":[{"href":"https:\/\/motorstandard.fr\/index.php?rest_route=\/wp\/v2\/product"}],"about":[{"href":"https:\/\/motorstandard.fr\/index.php?rest_route=\/wp\/v2\/types\/product"}],"replies":[{"embeddable":true,"href":"https:\/\/motorstandard.fr\/index.php?rest_route=%2Fwp%2Fv2%2Fcomments&post=3112"}],"version-history":[{"count":2,"href":"https:\/\/motorstandard.fr\/index.php?rest_route=\/wp\/v2\/product\/3112\/revisions"}],"predecessor-version":[{"id":29745,"href":"https:\/\/motorstandard.fr\/index.php?rest_route=\/wp\/v2\/product\/3112\/revisions\/29745"}],"wp:featuredmedia":[{"embeddable":true,"href":"https:\/\/motorstandard.fr\/index.php?rest_route=\/wp\/v2\/media\/3114"}],"wp:attachment":[{"href":"https:\/\/motorstandard.fr\/index.php?rest_route=%2Fwp%2Fv2%2Fmedia&parent=3112"}],"wp:term":[{"taxonomy":"product_brand","embeddable":true,"href":"https:\/\/motorstandard.fr\/index.php?rest_route=%2Fwp%2Fv2%2Fproduct_brand&post=3112"},{"taxonomy":"product_cat","embeddable":true,"href":"https:\/\/motorstandard.fr\/index.php?rest_route=%2Fwp%2Fv2%2Fproduct_cat&post=3112"},{"taxonomy":"product_tag","embeddable":true,"href":"https:\/\/motorstandard.fr\/index.php?rest_route=%2Fwp%2Fv2%2Fproduct_tag&post=3112"}],"curies":[{"name":"wp","href":"https:\/\/api.w.org\/{rel}","templated":true}]}}