{"id":30575,"date":"2026-02-04T17:08:01","date_gmt":"2026-02-04T16:08:01","guid":{"rendered":"https:\/\/motorstandard.fr\/?post_type=product&#038;p=30575"},"modified":"2026-02-18T11:39:52","modified_gmt":"2026-02-18T10:39:52","slug":"huile-2-temps-voca-1l","status":"publish","type":"product","link":"https:\/\/motorstandard.fr\/?product=huile-2-temps-voca-1l","title":{"rendered":"Huile 2 temps Voca 1L"},"content":{"rendered":"<p>Huile semi synth\u00e8se pour moteur 2 temps.<\/p>\n<p>Bidon de 1L<\/p>\n<p>Puissance maximale d\u00e9velopp\u00e9e<br \/>\nR\u00e9duit l\u2019usure du moteur<br \/>\n\u00c9vite la formation de d\u00e9p\u00f4ts carbon\u00e9s<br \/>\nProlonge la dur\u00e9e de vie des bougies<br \/>\nFiabilit\u00e9 de fonctionnement \u00e0 tous les r\u00e9gimes<br \/>\nFaible \u00e9mission de fum\u00e9e<\/p>\n<p>Utilisable en m\u00e9lange.<\/p>\n<p>viscosit\u00e9 adapt\u00e9e aux moteurs 2 temps de conception ancienne (moteur cylindre fonte, r\u00e9gime max limit\u00e9)<\/p>\n","protected":false},"excerpt":{"rendered":"<p>Huile semi synth\u00e8se pour moteur 2 temps. Bidon de 1L Puissance maximale d\u00e9velopp\u00e9e R\u00e9duit l\u2019usure du moteur \u00c9vite la formation<\/p>\n","protected":false},"featured_media":30577,"comment_status":"open","ping_status":"closed","template":"","meta":[],"product_brand":[],"product_cat":[87,193,36],"product_tag":[],"class_list":{"0":"post-30575","1":"product","2":"type-product","3":"status-publish","4":"has-post-thumbnail","6":"product_cat-entretien","7":"product_cat-huile-2-temps","8":"product_cat-lubrifiant","9":"product_shipping_class-produits-lourds","11":"first","12":"instock","13":"shipping-taxable","14":"purchasable","15":"product-type-simple"},"post_mailing_queue_ids":[],"_links":{"self":[{"href":"https:\/\/motorstandard.fr\/index.php?rest_route=\/wp\/v2\/product\/30575","targetHints":{"allow":["GET"]}}],"collection":[{"href":"https:\/\/motorstandard.fr\/index.php?rest_route=\/wp\/v2\/product"}],"about":[{"href":"https:\/\/motorstandard.fr\/index.php?rest_route=\/wp\/v2\/types\/product"}],"replies":[{"embeddable":true,"href":"https:\/\/motorstandard.fr\/index.php?rest_route=%2Fwp%2Fv2%2Fcomments&post=30575"}],"version-history":[{"count":5,"href":"https:\/\/motorstandard.fr\/index.php?rest_route=\/wp\/v2\/product\/30575\/revisions"}],"predecessor-version":[{"id":30584,"href":"https:\/\/motorstandard.fr\/index.php?rest_route=\/wp\/v2\/product\/30575\/revisions\/30584"}],"wp:featuredmedia":[{"embeddable":true,"href":"https:\/\/motorstandard.fr\/index.php?rest_route=\/wp\/v2\/media\/30577"}],"wp:attachment":[{"href":"https:\/\/motorstandard.fr\/index.php?rest_route=%2Fwp%2Fv2%2Fmedia&parent=30575"}],"wp:term":[{"taxonomy":"product_brand","embeddable":true,"href":"https:\/\/motorstandard.fr\/index.php?rest_route=%2Fwp%2Fv2%2Fproduct_brand&post=30575"},{"taxonomy":"product_cat","embeddable":true,"href":"https:\/\/motorstandard.fr\/index.php?rest_route=%2Fwp%2Fv2%2Fproduct_cat&post=30575"},{"taxonomy":"product_tag","embeddable":true,"href":"https:\/\/motorstandard.fr\/index.php?rest_route=%2Fwp%2Fv2%2Fproduct_tag&post=30575"}],"curies":[{"name":"wp","href":"https:\/\/api.w.org\/{rel}","templated":true}]}}