{"id":30571,"date":"2026-02-04T15:27:50","date_gmt":"2026-02-04T14:27:50","guid":{"rendered":"https:\/\/motorstandard.fr\/?post_type=product&#038;p=30571"},"modified":"2026-05-03T20:23:58","modified_gmt":"2026-05-03T18:23:58","slug":"poignees-caoutchouc","status":"publish","type":"product","link":"https:\/\/motorstandard.fr\/?product=poignees-caoutchouc","title":{"rendered":"Poign\u00e9es caoutchouc (paire)"},"content":{"rendered":"<p>Paire de poign\u00e9es caoutchouc diam\u00e8tre 22mm<br \/>\nPeuvent \u00eatre mont\u00e9es sur tous les brancards en diam\u00e8tre 22mm<br \/>\nemmanchement 120mm<br \/>\nPoign\u00e9es neuves, fabriqu\u00e9e en Italie<\/p>\n<p>Ref Motostandard : 73.82.036<\/p>\n","protected":false},"excerpt":{"rendered":"<p>Paire de poign\u00e9es caoutchouc diam\u00e8tre 22mm Peuvent \u00eatre mont\u00e9es sur tous les brancards en diam\u00e8tre 22mm emmanchement 120mm Poign\u00e9es neuves,<\/p>\n","protected":false},"featured_media":30572,"comment_status":"open","ping_status":"closed","template":"","meta":[],"product_brand":[],"product_cat":[89,68],"product_tag":[],"class_list":{"0":"post-30571","1":"product","2":"type-product","3":"status-publish","4":"has-post-thumbnail","6":"product_cat-motoculteur-motobineuse","7":"product_cat-motostandard-t20","9":"first","10":"instock","11":"shipping-taxable","12":"purchasable","13":"product-type-simple"},"post_mailing_queue_ids":[],"_links":{"self":[{"href":"https:\/\/motorstandard.fr\/index.php?rest_route=\/wp\/v2\/product\/30571","targetHints":{"allow":["GET"]}}],"collection":[{"href":"https:\/\/motorstandard.fr\/index.php?rest_route=\/wp\/v2\/product"}],"about":[{"href":"https:\/\/motorstandard.fr\/index.php?rest_route=\/wp\/v2\/types\/product"}],"replies":[{"embeddable":true,"href":"https:\/\/motorstandard.fr\/index.php?rest_route=%2Fwp%2Fv2%2Fcomments&post=30571"}],"version-history":[{"count":3,"href":"https:\/\/motorstandard.fr\/index.php?rest_route=\/wp\/v2\/product\/30571\/revisions"}],"predecessor-version":[{"id":30585,"href":"https:\/\/motorstandard.fr\/index.php?rest_route=\/wp\/v2\/product\/30571\/revisions\/30585"}],"wp:featuredmedia":[{"embeddable":true,"href":"https:\/\/motorstandard.fr\/index.php?rest_route=\/wp\/v2\/media\/30572"}],"wp:attachment":[{"href":"https:\/\/motorstandard.fr\/index.php?rest_route=%2Fwp%2Fv2%2Fmedia&parent=30571"}],"wp:term":[{"taxonomy":"product_brand","embeddable":true,"href":"https:\/\/motorstandard.fr\/index.php?rest_route=%2Fwp%2Fv2%2Fproduct_brand&post=30571"},{"taxonomy":"product_cat","embeddable":true,"href":"https:\/\/motorstandard.fr\/index.php?rest_route=%2Fwp%2Fv2%2Fproduct_cat&post=30571"},{"taxonomy":"product_tag","embeddable":true,"href":"https:\/\/motorstandard.fr\/index.php?rest_route=%2Fwp%2Fv2%2Fproduct_tag&post=30571"}],"curies":[{"name":"wp","href":"https:\/\/api.w.org\/{rel}","templated":true}]}}