{"id":30550,"date":"2026-02-03T16:39:08","date_gmt":"2026-02-03T15:39:08","guid":{"rendered":"https:\/\/motorstandard.fr\/?post_type=product&#038;p=30550"},"modified":"2026-02-18T11:41:36","modified_gmt":"2026-02-18T10:41:36","slug":"bougie-champion-rj19lm","status":"publish","type":"product","link":"https:\/\/motorstandard.fr\/?product=bougie-champion-rj19lm","title":{"rendered":"Bougie Champion RJ19LM"},"content":{"rendered":"<p>Bougie CHAMPION RJ19LM<\/p>\n<p>\u00e9quivalent NGK BR2LM; Briggs et Stratton 492167<\/p>\n<p>Diam\u00e8tre cl\u00e9 : 21 mm<br \/>\nDiam\u00e8tre du filetage : 14 mm<br \/>\nLongueur du filetage : 9,50 mm<\/p>\n<p>Utilis\u00e9 sur de nombreuses machines notamment chez Briggs et Stratton<\/p>\n","protected":false},"excerpt":{"rendered":"<p>Bougie CHAMPION RJ19LM \u00e9quivalent NGK BR2LM; Briggs et Stratton 492167 Diam\u00e8tre cl\u00e9 : 21 mm Diam\u00e8tre du filetage : 14<\/p>\n","protected":false},"featured_media":30551,"comment_status":"open","ping_status":"closed","template":"","meta":[],"product_brand":[162],"product_cat":[157,71,87],"product_tag":[],"class_list":{"0":"post-30550","1":"product","2":"type-product","3":"status-publish","4":"has-post-thumbnail","6":"product_brand-champion","7":"product_cat-bougie-champion","8":"product_cat-bougie-dallumage","9":"product_cat-entretien","11":"first","12":"instock","13":"shipping-taxable","14":"purchasable","15":"product-type-simple"},"post_mailing_queue_ids":[],"_links":{"self":[{"href":"https:\/\/motorstandard.fr\/index.php?rest_route=\/wp\/v2\/product\/30550","targetHints":{"allow":["GET"]}}],"collection":[{"href":"https:\/\/motorstandard.fr\/index.php?rest_route=\/wp\/v2\/product"}],"about":[{"href":"https:\/\/motorstandard.fr\/index.php?rest_route=\/wp\/v2\/types\/product"}],"replies":[{"embeddable":true,"href":"https:\/\/motorstandard.fr\/index.php?rest_route=%2Fwp%2Fv2%2Fcomments&post=30550"}],"version-history":[{"count":5,"href":"https:\/\/motorstandard.fr\/index.php?rest_route=\/wp\/v2\/product\/30550\/revisions"}],"predecessor-version":[{"id":30556,"href":"https:\/\/motorstandard.fr\/index.php?rest_route=\/wp\/v2\/product\/30550\/revisions\/30556"}],"wp:featuredmedia":[{"embeddable":true,"href":"https:\/\/motorstandard.fr\/index.php?rest_route=\/wp\/v2\/media\/30551"}],"wp:attachment":[{"href":"https:\/\/motorstandard.fr\/index.php?rest_route=%2Fwp%2Fv2%2Fmedia&parent=30550"}],"wp:term":[{"taxonomy":"product_brand","embeddable":true,"href":"https:\/\/motorstandard.fr\/index.php?rest_route=%2Fwp%2Fv2%2Fproduct_brand&post=30550"},{"taxonomy":"product_cat","embeddable":true,"href":"https:\/\/motorstandard.fr\/index.php?rest_route=%2Fwp%2Fv2%2Fproduct_cat&post=30550"},{"taxonomy":"product_tag","embeddable":true,"href":"https:\/\/motorstandard.fr\/index.php?rest_route=%2Fwp%2Fv2%2Fproduct_tag&post=30550"}],"curies":[{"name":"wp","href":"https:\/\/api.w.org\/{rel}","templated":true}]}}