{"id":30515,"date":"2026-01-26T14:11:51","date_gmt":"2026-01-26T13:11:51","guid":{"rendered":"https:\/\/motorstandard.fr\/?post_type=product&#038;p=30515"},"modified":"2026-02-18T11:42:54","modified_gmt":"2026-02-18T10:42:54","slug":"cuve-solex-20-hns","status":"publish","type":"product","link":"https:\/\/motorstandard.fr\/?product=cuve-solex-20-hns","title":{"rendered":"Cuve Solex 20 HNS"},"content":{"rendered":"<p>Cuve de carburateur SOLEX 20 HNS<\/p>\n<p>ref : 13751<\/p>\n<p>Pi\u00e8ce d&rsquo;occasion nettoy\u00e9e et contr\u00f4l\u00e9e<br \/>\nstock limit\u00e9<\/p>\n<p>Pr\u00eate \u00e0 monter<\/p>\n","protected":false},"excerpt":{"rendered":"<p>Cuve de carburateur SOLEX 20 HNS ref : 13751 Pi\u00e8ce d&rsquo;occasion nettoy\u00e9e et contr\u00f4l\u00e9e stock limit\u00e9 Pr\u00eate \u00e0 monter<\/p>\n","protected":false},"featured_media":30516,"comment_status":"open","ping_status":"closed","template":"","meta":[],"product_brand":[112],"product_cat":[79,20],"product_tag":[],"class_list":{"0":"post-30515","1":"product","2":"type-product","3":"status-publish","4":"has-post-thumbnail","6":"product_brand-solex","7":"product_cat-carburateurs","8":"product_cat-solex","10":"first","11":"instock","12":"shipping-taxable","13":"purchasable","14":"product-type-simple"},"post_mailing_queue_ids":[],"_links":{"self":[{"href":"https:\/\/motorstandard.fr\/index.php?rest_route=\/wp\/v2\/product\/30515","targetHints":{"allow":["GET"]}}],"collection":[{"href":"https:\/\/motorstandard.fr\/index.php?rest_route=\/wp\/v2\/product"}],"about":[{"href":"https:\/\/motorstandard.fr\/index.php?rest_route=\/wp\/v2\/types\/product"}],"replies":[{"embeddable":true,"href":"https:\/\/motorstandard.fr\/index.php?rest_route=%2Fwp%2Fv2%2Fcomments&post=30515"}],"version-history":[{"count":1,"href":"https:\/\/motorstandard.fr\/index.php?rest_route=\/wp\/v2\/product\/30515\/revisions"}],"predecessor-version":[{"id":30517,"href":"https:\/\/motorstandard.fr\/index.php?rest_route=\/wp\/v2\/product\/30515\/revisions\/30517"}],"wp:featuredmedia":[{"embeddable":true,"href":"https:\/\/motorstandard.fr\/index.php?rest_route=\/wp\/v2\/media\/30516"}],"wp:attachment":[{"href":"https:\/\/motorstandard.fr\/index.php?rest_route=%2Fwp%2Fv2%2Fmedia&parent=30515"}],"wp:term":[{"taxonomy":"product_brand","embeddable":true,"href":"https:\/\/motorstandard.fr\/index.php?rest_route=%2Fwp%2Fv2%2Fproduct_brand&post=30515"},{"taxonomy":"product_cat","embeddable":true,"href":"https:\/\/motorstandard.fr\/index.php?rest_route=%2Fwp%2Fv2%2Fproduct_cat&post=30515"},{"taxonomy":"product_tag","embeddable":true,"href":"https:\/\/motorstandard.fr\/index.php?rest_route=%2Fwp%2Fv2%2Fproduct_tag&post=30515"}],"curies":[{"name":"wp","href":"https:\/\/api.w.org\/{rel}","templated":true}]}}