{"id":30488,"date":"2026-01-22T17:45:56","date_gmt":"2026-01-22T16:45:56","guid":{"rendered":"https:\/\/motorstandard.fr\/?post_type=product&#038;p=30488"},"modified":"2026-03-12T16:27:32","modified_gmt":"2026-03-12T15:27:32","slug":"vis-dair-bing-8-30s","status":"publish","type":"product","link":"https:\/\/motorstandard.fr\/?product=vis-dair-bing-8-30s","title":{"rendered":"Vis d&rsquo;air BING 8\/30S"},"content":{"rendered":"<p>Vis d&rsquo;air pour carburateur BING 8\/30S<br \/>\nPi\u00e8ce neuve d&rsquo;origine<\/p>\n<p>Rep 6 sur l&rsquo;\u00e9clat\u00e9<\/p>\n<p>Ref Motostandard : 90.05.343<\/p>\n","protected":false},"excerpt":{"rendered":"<p>Vis d&rsquo;air pour carburateur BING 8\/30S Pi\u00e8ce neuve d&rsquo;origine Rep 6 sur l&rsquo;\u00e9clat\u00e9 Ref Motostandard : 90.05.343<\/p>\n","protected":false},"featured_media":30489,"comment_status":"open","ping_status":"closed","template":"","meta":[],"product_brand":[116],"product_cat":[79,186,190,86,19,30,24],"product_tag":[],"class_list":{"0":"post-30488","1":"product","2":"type-product","3":"status-publish","4":"has-post-thumbnail","6":"product_brand-bing","7":"product_cat-carburateurs","8":"product_cat-motostandard-1050-carburation","9":"product_cat-motostandard-2060-carburation","10":"product_cat-tracteurs","11":"product_cat-bing","12":"product_cat-motostandard-1050e","13":"product_cat-motostandard-2060","15":"first","16":"instock","17":"shipping-taxable","18":"purchasable","19":"product-type-simple"},"post_mailing_queue_ids":[],"_links":{"self":[{"href":"https:\/\/motorstandard.fr\/index.php?rest_route=\/wp\/v2\/product\/30488","targetHints":{"allow":["GET"]}}],"collection":[{"href":"https:\/\/motorstandard.fr\/index.php?rest_route=\/wp\/v2\/product"}],"about":[{"href":"https:\/\/motorstandard.fr\/index.php?rest_route=\/wp\/v2\/types\/product"}],"replies":[{"embeddable":true,"href":"https:\/\/motorstandard.fr\/index.php?rest_route=%2Fwp%2Fv2%2Fcomments&post=30488"}],"version-history":[{"count":3,"href":"https:\/\/motorstandard.fr\/index.php?rest_route=\/wp\/v2\/product\/30488\/revisions"}],"predecessor-version":[{"id":30493,"href":"https:\/\/motorstandard.fr\/index.php?rest_route=\/wp\/v2\/product\/30488\/revisions\/30493"}],"wp:featuredmedia":[{"embeddable":true,"href":"https:\/\/motorstandard.fr\/index.php?rest_route=\/wp\/v2\/media\/30489"}],"wp:attachment":[{"href":"https:\/\/motorstandard.fr\/index.php?rest_route=%2Fwp%2Fv2%2Fmedia&parent=30488"}],"wp:term":[{"taxonomy":"product_brand","embeddable":true,"href":"https:\/\/motorstandard.fr\/index.php?rest_route=%2Fwp%2Fv2%2Fproduct_brand&post=30488"},{"taxonomy":"product_cat","embeddable":true,"href":"https:\/\/motorstandard.fr\/index.php?rest_route=%2Fwp%2Fv2%2Fproduct_cat&post=30488"},{"taxonomy":"product_tag","embeddable":true,"href":"https:\/\/motorstandard.fr\/index.php?rest_route=%2Fwp%2Fv2%2Fproduct_tag&post=30488"}],"curies":[{"name":"wp","href":"https:\/\/api.w.org\/{rel}","templated":true}]}}