{"id":30459,"date":"2026-01-21T16:17:23","date_gmt":"2026-01-21T15:17:23","guid":{"rendered":"https:\/\/motorstandard.fr\/?post_type=product&#038;p=30459"},"modified":"2026-02-20T11:04:16","modified_gmt":"2026-02-20T10:04:16","slug":"huile-yacco-legende-ricin","status":"publish","type":"product","link":"https:\/\/motorstandard.fr\/?product=huile-yacco-legende-ricin","title":{"rendered":"Huile Yacco l\u00e9gende RICIN"},"content":{"rendered":"<p>Huile moteur YACCO l\u00e9gende RICIN<\/p>\n<p>L\u2019huile Yacco L\u00e9gende Huile de ricin est une huile base ricin sp\u00e9ciale pour ponts \u00e0 vis.<\/p>\n<p>Propri\u00e9t\u00e9s et avantages<br \/>\n&#8211; Huile \u00e0 base v\u00e9g\u00e9tale pour une parfaite compatibilit\u00e9 avec les mat\u00e9riaux jaunes, poss\u00e9dant d\u2019excellentes protections anti-usure et anticorrosion<br \/>\n&#8211; Coloration rouge pour bien identifier le produit.<\/p>\n<p>Pr\u00e9cautions d\u2019emploi :<br \/>\n&#8211; Ne jamais m\u00e9langer ce produit avec les huiles min\u00e9rales ou avec les huiles synth\u00e9tiques.<br \/>\n<strong><br \/>\nBidon acier 2L<\/strong><\/p>\n","protected":false},"excerpt":{"rendered":"<p>Huile moteur YACCO l\u00e9gende RICIN L\u2019huile Yacco L\u00e9gende Huile de ricin est une huile base ricin sp\u00e9ciale pour ponts \u00e0<\/p>\n","protected":false},"featured_media":259,"comment_status":"closed","ping_status":"closed","template":"","meta":[],"product_brand":[161],"product_cat":[36],"product_tag":[],"class_list":{"0":"post-30459","1":"product","2":"type-product","3":"status-publish","4":"has-post-thumbnail","6":"product_brand-yacco","7":"product_cat-lubrifiant","8":"product_shipping_class-produits-lourds","10":"first","11":"instock","12":"purchasable","13":"product-type-simple"},"post_mailing_queue_ids":[],"_links":{"self":[{"href":"https:\/\/motorstandard.fr\/index.php?rest_route=\/wp\/v2\/product\/30459","targetHints":{"allow":["GET"]}}],"collection":[{"href":"https:\/\/motorstandard.fr\/index.php?rest_route=\/wp\/v2\/product"}],"about":[{"href":"https:\/\/motorstandard.fr\/index.php?rest_route=\/wp\/v2\/types\/product"}],"replies":[{"embeddable":true,"href":"https:\/\/motorstandard.fr\/index.php?rest_route=%2Fwp%2Fv2%2Fcomments&post=30459"}],"version-history":[{"count":3,"href":"https:\/\/motorstandard.fr\/index.php?rest_route=\/wp\/v2\/product\/30459\/revisions"}],"predecessor-version":[{"id":30462,"href":"https:\/\/motorstandard.fr\/index.php?rest_route=\/wp\/v2\/product\/30459\/revisions\/30462"}],"wp:featuredmedia":[{"embeddable":true,"href":"https:\/\/motorstandard.fr\/index.php?rest_route=\/wp\/v2\/media\/259"}],"wp:attachment":[{"href":"https:\/\/motorstandard.fr\/index.php?rest_route=%2Fwp%2Fv2%2Fmedia&parent=30459"}],"wp:term":[{"taxonomy":"product_brand","embeddable":true,"href":"https:\/\/motorstandard.fr\/index.php?rest_route=%2Fwp%2Fv2%2Fproduct_brand&post=30459"},{"taxonomy":"product_cat","embeddable":true,"href":"https:\/\/motorstandard.fr\/index.php?rest_route=%2Fwp%2Fv2%2Fproduct_cat&post=30459"},{"taxonomy":"product_tag","embeddable":true,"href":"https:\/\/motorstandard.fr\/index.php?rest_route=%2Fwp%2Fv2%2Fproduct_tag&post=30459"}],"curies":[{"name":"wp","href":"https:\/\/api.w.org\/{rel}","templated":true}]}}