{"id":30454,"date":"2026-01-20T15:07:08","date_gmt":"2026-01-20T14:07:08","guid":{"rendered":"https:\/\/dev.motorstandard.fr\/?post_type=product&#038;p=30454"},"modified":"2026-04-23T12:05:29","modified_gmt":"2026-04-23T10:05:29","slug":"douille-isolante-bing-8-25s","status":"publish","type":"product","link":"https:\/\/motorstandard.fr\/?product=douille-isolante-bing-8-25s","title":{"rendered":"Douille isolante BING 8\/25S"},"content":{"rendered":"<p>Douille isolante pour carburateur BING 8\/25S<\/p>\n<p>Participe \u00e0 la protection thermique et \u00e0 l&rsquo;\u00e9tanch\u00e9it\u00e9 du carburateur.<\/p>\n<p>ref : 90.05.011<\/p>\n<p>diametre 33X35<\/p>\n","protected":false},"excerpt":{"rendered":"<p>Douille isolante pour carburateur BING 8\/25S Participe \u00e0 la protection thermique et \u00e0 l&rsquo;\u00e9tanch\u00e9it\u00e9 du carburateur. ref : 90.05.011 diametre<\/p>\n","protected":false},"featured_media":30502,"comment_status":"open","ping_status":"closed","template":"","meta":[],"product_brand":[116],"product_cat":[79,136,139,143,86,19,27,28,29],"product_tag":[],"class_list":{"0":"post-30454","1":"product","2":"type-product","3":"status-publish","4":"has-post-thumbnail","6":"product_brand-bing","7":"product_cat-carburateurs","8":"product_cat-motostandard-1030-carburation","9":"product_cat-motostandard-1031-carburation","10":"product_cat-motostandard-1032-carburation","11":"product_cat-tracteurs","12":"product_cat-bing","13":"product_cat-motostandard-1030","14":"product_cat-motostandard-1031","15":"product_cat-motostandard-1032","17":"first","18":"instock","19":"shipping-taxable","20":"purchasable","21":"product-type-simple"},"post_mailing_queue_ids":[],"_links":{"self":[{"href":"https:\/\/motorstandard.fr\/index.php?rest_route=\/wp\/v2\/product\/30454","targetHints":{"allow":["GET"]}}],"collection":[{"href":"https:\/\/motorstandard.fr\/index.php?rest_route=\/wp\/v2\/product"}],"about":[{"href":"https:\/\/motorstandard.fr\/index.php?rest_route=\/wp\/v2\/types\/product"}],"replies":[{"embeddable":true,"href":"https:\/\/motorstandard.fr\/index.php?rest_route=%2Fwp%2Fv2%2Fcomments&post=30454"}],"version-history":[{"count":1,"href":"https:\/\/motorstandard.fr\/index.php?rest_route=\/wp\/v2\/product\/30454\/revisions"}],"predecessor-version":[{"id":30455,"href":"https:\/\/motorstandard.fr\/index.php?rest_route=\/wp\/v2\/product\/30454\/revisions\/30455"}],"wp:featuredmedia":[{"embeddable":true,"href":"https:\/\/motorstandard.fr\/index.php?rest_route=\/wp\/v2\/media\/30502"}],"wp:attachment":[{"href":"https:\/\/motorstandard.fr\/index.php?rest_route=%2Fwp%2Fv2%2Fmedia&parent=30454"}],"wp:term":[{"taxonomy":"product_brand","embeddable":true,"href":"https:\/\/motorstandard.fr\/index.php?rest_route=%2Fwp%2Fv2%2Fproduct_brand&post=30454"},{"taxonomy":"product_cat","embeddable":true,"href":"https:\/\/motorstandard.fr\/index.php?rest_route=%2Fwp%2Fv2%2Fproduct_cat&post=30454"},{"taxonomy":"product_tag","embeddable":true,"href":"https:\/\/motorstandard.fr\/index.php?rest_route=%2Fwp%2Fv2%2Fproduct_tag&post=30454"}],"curies":[{"name":"wp","href":"https:\/\/api.w.org\/{rel}","templated":true}]}}