{"id":263,"date":"2017-03-21T22:54:28","date_gmt":"2017-03-21T21:54:28","guid":{"rendered":"https:\/\/motorstandard.fr\/?post_type=product&#038;p=263"},"modified":"2026-01-20T15:42:40","modified_gmt":"2026-01-20T14:42:40","slug":"joint-de-crepine-pompe-bing","status":"publish","type":"product","link":"https:\/\/motorstandard.fr\/?product=joint-de-crepine-pompe-bing","title":{"rendered":"Joint de cr\u00e9pine pompe Bing"},"content":{"rendered":"<p>Joint de cr\u00e9pine de pompe Bing<\/p>\n<p>Se monte sur pompe \u00e0 carburant bing 0820 XXX<\/p>\n<p>vendu \u00e0 l&rsquo;unit\u00e9<\/p>\n<p>Ref Bing : 776421<\/p>\n","protected":false},"excerpt":{"rendered":"<p>Joint de cr\u00e9pine de pompe Bing Se monte sur pompe \u00e0 carburant bing 0820 XXX vendu \u00e0 l&rsquo;unit\u00e9 Ref Bing<\/p>\n","protected":false},"featured_media":264,"comment_status":"closed","ping_status":"closed","template":"","meta":[],"product_brand":[116],"product_cat":[79,136,173,27,10],"product_tag":[],"class_list":{"0":"post-263","1":"product","2":"type-product","3":"status-publish","4":"has-post-thumbnail","6":"product_brand-bing","7":"product_cat-carburateurs","8":"product_cat-motostandard-1030-carburation","9":"product_cat-pompe-bing","10":"product_cat-motostandard-1030","11":"product_cat-pompe-a-carburant","13":"first","14":"instock","15":"purchasable","16":"product-type-simple"},"post_mailing_queue_ids":[],"_links":{"self":[{"href":"https:\/\/motorstandard.fr\/index.php?rest_route=\/wp\/v2\/product\/263","targetHints":{"allow":["GET"]}}],"collection":[{"href":"https:\/\/motorstandard.fr\/index.php?rest_route=\/wp\/v2\/product"}],"about":[{"href":"https:\/\/motorstandard.fr\/index.php?rest_route=\/wp\/v2\/types\/product"}],"replies":[{"embeddable":true,"href":"https:\/\/motorstandard.fr\/index.php?rest_route=%2Fwp%2Fv2%2Fcomments&post=263"}],"version-history":[{"count":1,"href":"https:\/\/motorstandard.fr\/index.php?rest_route=\/wp\/v2\/product\/263\/revisions"}],"predecessor-version":[{"id":29446,"href":"https:\/\/motorstandard.fr\/index.php?rest_route=\/wp\/v2\/product\/263\/revisions\/29446"}],"wp:featuredmedia":[{"embeddable":true,"href":"https:\/\/motorstandard.fr\/index.php?rest_route=\/wp\/v2\/media\/264"}],"wp:attachment":[{"href":"https:\/\/motorstandard.fr\/index.php?rest_route=%2Fwp%2Fv2%2Fmedia&parent=263"}],"wp:term":[{"taxonomy":"product_brand","embeddable":true,"href":"https:\/\/motorstandard.fr\/index.php?rest_route=%2Fwp%2Fv2%2Fproduct_brand&post=263"},{"taxonomy":"product_cat","embeddable":true,"href":"https:\/\/motorstandard.fr\/index.php?rest_route=%2Fwp%2Fv2%2Fproduct_cat&post=263"},{"taxonomy":"product_tag","embeddable":true,"href":"https:\/\/motorstandard.fr\/index.php?rest_route=%2Fwp%2Fv2%2Fproduct_tag&post=263"}],"curies":[{"name":"wp","href":"https:\/\/api.w.org\/{rel}","templated":true}]}}