{"id":2186,"date":"2020-10-02T14:14:48","date_gmt":"2020-10-02T12:14:48","guid":{"rendered":"https:\/\/motorstandard.fr\/?post_type=product&#038;p=2186"},"modified":"2026-01-12T17:42:32","modified_gmt":"2026-01-12T16:42:32","slug":"robinet-carburateur-bing","status":"publish","type":"product","link":"https:\/\/motorstandard.fr\/?product=robinet-carburateur-bing","title":{"rendered":"Robinet carburateur BING"},"content":{"rendered":"<p>Robinet \u00e0 tirette 1 voie sp\u00e9cifique pour carburateur BING<\/p>\n<p>filetage sp\u00e9cifique M8x0,75<\/p>\n<p>L&rsquo;ensemble comprend :<\/p>\n<ul>\n<li>un robinet<\/li>\n<li>vis BANJO M8x0,75<\/li>\n<li>2 joints 8X12<\/li>\n<\/ul>\n<p>Se monte sur tous les carburateurs BING \u00e0 l&rsquo;alimentation M8x0,75<\/p>\n<p>Se monte \u00e9galement sur la pompe \u00e0 d\u00e9pression BING 0820<\/p>\n<p>Pour motobineuses et microtracteurs GUTBROD \/ MOTOSTANDARD<\/p>\n<p>non compatible avec le carburateur BING 8\/15.5\/117 des moteurs T115<\/p>\n<p><strong>NON COMPATIBLE AVEC LES CARBURATEURS GURTNER<\/strong><\/p>\n<p>&nbsp;<\/p>\n","protected":false},"excerpt":{"rendered":"<p>Robinet \u00e0 tirette 1 voie sp\u00e9cifique pour carburateur BING filetage sp\u00e9cifique M8x0,75 L&rsquo;ensemble comprend : un robinet vis BANJO M8x0,75<\/p>\n","protected":false},"featured_media":2189,"comment_status":"open","ping_status":"closed","template":"","meta":[],"product_brand":[],"product_cat":[19],"product_tag":[],"class_list":{"0":"post-2186","1":"product","2":"type-product","3":"status-publish","4":"has-post-thumbnail","6":"product_cat-bing","8":"first","9":"outofstock","10":"shipping-taxable","11":"purchasable","12":"product-type-simple"},"post_mailing_queue_ids":[],"_links":{"self":[{"href":"https:\/\/motorstandard.fr\/index.php?rest_route=\/wp\/v2\/product\/2186","targetHints":{"allow":["GET"]}}],"collection":[{"href":"https:\/\/motorstandard.fr\/index.php?rest_route=\/wp\/v2\/product"}],"about":[{"href":"https:\/\/motorstandard.fr\/index.php?rest_route=\/wp\/v2\/types\/product"}],"replies":[{"embeddable":true,"href":"https:\/\/motorstandard.fr\/index.php?rest_route=%2Fwp%2Fv2%2Fcomments&post=2186"}],"version-history":[{"count":2,"href":"https:\/\/motorstandard.fr\/index.php?rest_route=\/wp\/v2\/product\/2186\/revisions"}],"predecessor-version":[{"id":30425,"href":"https:\/\/motorstandard.fr\/index.php?rest_route=\/wp\/v2\/product\/2186\/revisions\/30425"}],"wp:featuredmedia":[{"embeddable":true,"href":"https:\/\/motorstandard.fr\/index.php?rest_route=\/wp\/v2\/media\/2189"}],"wp:attachment":[{"href":"https:\/\/motorstandard.fr\/index.php?rest_route=%2Fwp%2Fv2%2Fmedia&parent=2186"}],"wp:term":[{"taxonomy":"product_brand","embeddable":true,"href":"https:\/\/motorstandard.fr\/index.php?rest_route=%2Fwp%2Fv2%2Fproduct_brand&post=2186"},{"taxonomy":"product_cat","embeddable":true,"href":"https:\/\/motorstandard.fr\/index.php?rest_route=%2Fwp%2Fv2%2Fproduct_cat&post=2186"},{"taxonomy":"product_tag","embeddable":true,"href":"https:\/\/motorstandard.fr\/index.php?rest_route=%2Fwp%2Fv2%2Fproduct_tag&post=2186"}],"curies":[{"name":"wp","href":"https:\/\/api.w.org\/{rel}","templated":true}]}}