{"id":2180,"date":"2020-10-02T10:34:59","date_gmt":"2020-10-02T08:34:59","guid":{"rendered":"https:\/\/motorstandard.fr\/?post_type=product&#038;p=2180"},"modified":"2026-03-02T09:25:58","modified_gmt":"2026-03-02T08:25:58","slug":"pointeau-zenith-28-rxz","status":"publish","type":"product","link":"https:\/\/motorstandard.fr\/?product=pointeau-zenith-28-rxz","title":{"rendered":"Pointeau Zenith 28 RXZ"},"content":{"rendered":"<p>Pointeau inox pour carburateur ZENITH 28 RXZ<\/p>\n<p>diam\u00e8tre 6mm, longueur 22,50mm<\/p>\n<p>&nbsp;<\/p>\n<p>Pi\u00e8ce neuve fabriqu\u00e9e en France<\/p>\n","protected":false},"excerpt":{"rendered":"<p>Pointeau inox pour carburateur ZENITH 28 RXZ diam\u00e8tre 6mm, longueur 22,50mm &nbsp; Pi\u00e8ce neuve fabriqu\u00e9e en France<\/p>\n","protected":false},"featured_media":2181,"comment_status":"open","ping_status":"closed","template":"","meta":[],"product_brand":[114],"product_cat":[79,22],"product_tag":[],"class_list":{"0":"post-2180","1":"product","2":"type-product","3":"status-publish","4":"has-post-thumbnail","6":"product_brand-zenith","7":"product_cat-carburateurs","8":"product_cat-zenith","10":"first","11":"instock","12":"shipping-taxable","13":"purchasable","14":"product-type-simple"},"post_mailing_queue_ids":[],"_links":{"self":[{"href":"https:\/\/motorstandard.fr\/index.php?rest_route=\/wp\/v2\/product\/2180","targetHints":{"allow":["GET"]}}],"collection":[{"href":"https:\/\/motorstandard.fr\/index.php?rest_route=\/wp\/v2\/product"}],"about":[{"href":"https:\/\/motorstandard.fr\/index.php?rest_route=\/wp\/v2\/types\/product"}],"replies":[{"embeddable":true,"href":"https:\/\/motorstandard.fr\/index.php?rest_route=%2Fwp%2Fv2%2Fcomments&post=2180"}],"version-history":[{"count":2,"href":"https:\/\/motorstandard.fr\/index.php?rest_route=\/wp\/v2\/product\/2180\/revisions"}],"predecessor-version":[{"id":29384,"href":"https:\/\/motorstandard.fr\/index.php?rest_route=\/wp\/v2\/product\/2180\/revisions\/29384"}],"wp:featuredmedia":[{"embeddable":true,"href":"https:\/\/motorstandard.fr\/index.php?rest_route=\/wp\/v2\/media\/2181"}],"wp:attachment":[{"href":"https:\/\/motorstandard.fr\/index.php?rest_route=%2Fwp%2Fv2%2Fmedia&parent=2180"}],"wp:term":[{"taxonomy":"product_brand","embeddable":true,"href":"https:\/\/motorstandard.fr\/index.php?rest_route=%2Fwp%2Fv2%2Fproduct_brand&post=2180"},{"taxonomy":"product_cat","embeddable":true,"href":"https:\/\/motorstandard.fr\/index.php?rest_route=%2Fwp%2Fv2%2Fproduct_cat&post=2180"},{"taxonomy":"product_tag","embeddable":true,"href":"https:\/\/motorstandard.fr\/index.php?rest_route=%2Fwp%2Fv2%2Fproduct_tag&post=2180"}],"curies":[{"name":"wp","href":"https:\/\/api.w.org\/{rel}","templated":true}]}}