{"id":1879,"date":"2020-05-13T12:17:34","date_gmt":"2020-05-13T10:17:34","guid":{"rendered":"https:\/\/motorstandard.fr\/?post_type=product&#038;p=1879"},"modified":"2026-01-15T16:15:02","modified_gmt":"2026-01-15T15:15:02","slug":"pointeau-aiguille-bing-8-30s","status":"publish","type":"product","link":"https:\/\/motorstandard.fr\/?product=pointeau-aiguille-bing-8-30s","title":{"rendered":"Pointeau aiguille BING 8\/30S"},"content":{"rendered":"<p>Pointeau pour carburateur BING 8\/30S&#8230;<\/p>\n<p>mod\u00e8le \u00e0 agraphe<\/p>\n<p>pi\u00e8ce origine BING<\/p>\n<p>ref BING 47-970<\/p>\n<p>&nbsp;<\/p>\n","protected":false},"excerpt":{"rendered":"<p>Pointeau pour carburateur BING 8\/30S&#8230; mod\u00e8le \u00e0 agraphe pi\u00e8ce origine BING ref BING 47-970 &nbsp;<\/p>\n","protected":false},"featured_media":1880,"comment_status":"open","ping_status":"closed","template":"","meta":[],"product_brand":[116],"product_cat":[79,186,190,86,19,30,24],"product_tag":[],"class_list":{"0":"post-1879","1":"product","2":"type-product","3":"status-publish","4":"has-post-thumbnail","6":"product_brand-bing","7":"product_cat-carburateurs","8":"product_cat-motostandard-1050-carburation","9":"product_cat-motostandard-2060-carburation","10":"product_cat-tracteurs","11":"product_cat-bing","12":"product_cat-motostandard-1050e","13":"product_cat-motostandard-2060","15":"first","16":"outofstock","17":"shipping-taxable","18":"purchasable","19":"product-type-simple"},"post_mailing_queue_ids":[],"_links":{"self":[{"href":"https:\/\/motorstandard.fr\/index.php?rest_route=\/wp\/v2\/product\/1879","targetHints":{"allow":["GET"]}}],"collection":[{"href":"https:\/\/motorstandard.fr\/index.php?rest_route=\/wp\/v2\/product"}],"about":[{"href":"https:\/\/motorstandard.fr\/index.php?rest_route=\/wp\/v2\/types\/product"}],"replies":[{"embeddable":true,"href":"https:\/\/motorstandard.fr\/index.php?rest_route=%2Fwp%2Fv2%2Fcomments&post=1879"}],"version-history":[{"count":1,"href":"https:\/\/motorstandard.fr\/index.php?rest_route=\/wp\/v2\/product\/1879\/revisions"}],"predecessor-version":[{"id":29431,"href":"https:\/\/motorstandard.fr\/index.php?rest_route=\/wp\/v2\/product\/1879\/revisions\/29431"}],"wp:featuredmedia":[{"embeddable":true,"href":"https:\/\/motorstandard.fr\/index.php?rest_route=\/wp\/v2\/media\/1880"}],"wp:attachment":[{"href":"https:\/\/motorstandard.fr\/index.php?rest_route=%2Fwp%2Fv2%2Fmedia&parent=1879"}],"wp:term":[{"taxonomy":"product_brand","embeddable":true,"href":"https:\/\/motorstandard.fr\/index.php?rest_route=%2Fwp%2Fv2%2Fproduct_brand&post=1879"},{"taxonomy":"product_cat","embeddable":true,"href":"https:\/\/motorstandard.fr\/index.php?rest_route=%2Fwp%2Fv2%2Fproduct_cat&post=1879"},{"taxonomy":"product_tag","embeddable":true,"href":"https:\/\/motorstandard.fr\/index.php?rest_route=%2Fwp%2Fv2%2Fproduct_tag&post=1879"}],"curies":[{"name":"wp","href":"https:\/\/api.w.org\/{rel}","templated":true}]}}