{"id":1555,"date":"2019-12-27T15:39:03","date_gmt":"2019-12-27T14:39:03","guid":{"rendered":"https:\/\/motorstandard.fr\/?post_type=product&#038;p=1555"},"modified":"2026-01-20T14:36:37","modified_gmt":"2026-01-20T13:36:37","slug":"pointeau-solex-26-vbn","status":"publish","type":"product","link":"https:\/\/motorstandard.fr\/?product=pointeau-solex-26-vbn","title":{"rendered":"Pointeau SOLEX 26 VBN"},"content":{"rendered":"<p>Pointeau pour carburateur SOLEX 26 VBN.<\/p>\n<p>pi\u00e8ce neuve de qualit\u00e9 OEM.<\/p>\n<p>mod\u00e8le 1.50 (150)<\/p>\n<p>pour tracteur MASSEY FERGUSSON, HARRIS, FARMALL<\/p>\n<p>moteur Bernard<\/p>\n<p>motoculteur Staub etc&#8230;.<\/p>\n<p>&nbsp;<\/p>\n","protected":false},"excerpt":{"rendered":"<p>Pointeau pour carburateur SOLEX 26 VBN. pi\u00e8ce neuve de qualit\u00e9 OEM. mod\u00e8le 1.50 (150) pour tracteur MASSEY FERGUSSON, HARRIS, FARMALL<\/p>\n","protected":false},"featured_media":1556,"comment_status":"open","ping_status":"closed","template":"","meta":[],"product_brand":[112],"product_cat":[79,20],"product_tag":[],"class_list":{"0":"post-1555","1":"product","2":"type-product","3":"status-publish","4":"has-post-thumbnail","6":"product_brand-solex","7":"product_cat-carburateurs","8":"product_cat-solex","10":"first","11":"outofstock","12":"shipping-taxable","13":"purchasable","14":"product-type-simple"},"post_mailing_queue_ids":[],"_links":{"self":[{"href":"https:\/\/motorstandard.fr\/index.php?rest_route=\/wp\/v2\/product\/1555","targetHints":{"allow":["GET"]}}],"collection":[{"href":"https:\/\/motorstandard.fr\/index.php?rest_route=\/wp\/v2\/product"}],"about":[{"href":"https:\/\/motorstandard.fr\/index.php?rest_route=\/wp\/v2\/types\/product"}],"replies":[{"embeddable":true,"href":"https:\/\/motorstandard.fr\/index.php?rest_route=%2Fwp%2Fv2%2Fcomments&post=1555"}],"version-history":[{"count":2,"href":"https:\/\/motorstandard.fr\/index.php?rest_route=\/wp\/v2\/product\/1555\/revisions"}],"predecessor-version":[{"id":29409,"href":"https:\/\/motorstandard.fr\/index.php?rest_route=\/wp\/v2\/product\/1555\/revisions\/29409"}],"wp:featuredmedia":[{"embeddable":true,"href":"https:\/\/motorstandard.fr\/index.php?rest_route=\/wp\/v2\/media\/1556"}],"wp:attachment":[{"href":"https:\/\/motorstandard.fr\/index.php?rest_route=%2Fwp%2Fv2%2Fmedia&parent=1555"}],"wp:term":[{"taxonomy":"product_brand","embeddable":true,"href":"https:\/\/motorstandard.fr\/index.php?rest_route=%2Fwp%2Fv2%2Fproduct_brand&post=1555"},{"taxonomy":"product_cat","embeddable":true,"href":"https:\/\/motorstandard.fr\/index.php?rest_route=%2Fwp%2Fv2%2Fproduct_cat&post=1555"},{"taxonomy":"product_tag","embeddable":true,"href":"https:\/\/motorstandard.fr\/index.php?rest_route=%2Fwp%2Fv2%2Fproduct_tag&post=1555"}],"curies":[{"name":"wp","href":"https:\/\/api.w.org\/{rel}","templated":true}]}}