{"id":1248,"date":"2019-05-17T10:40:45","date_gmt":"2019-05-17T08:40:45","guid":{"rendered":"https:\/\/motorstandard.fr\/?post_type=product&#038;p=1248"},"modified":"2026-01-24T14:37:11","modified_gmt":"2026-01-24T13:37:11","slug":"joint-de-culasse-staub-pp4","status":"publish","type":"product","link":"https:\/\/motorstandard.fr\/?product=joint-de-culasse-staub-pp4","title":{"rendered":"Joint de culasse Staub PP4"},"content":{"rendered":"<p>Joint de culasse pour Moteur Staub 4tps soupapes lat\u00e9rales de 7Cv<\/p>\n<p>mont\u00e9 sur motoculteur Staub PP4 de 1939 \u00e0 1944.<\/p>\n","protected":false},"excerpt":{"rendered":"<p>Joint de culasse pour Moteur Staub 4tps soupapes lat\u00e9rales de 7Cv mont\u00e9 sur motoculteur Staub PP4 de 1939 \u00e0 1944.<\/p>\n","protected":false},"featured_media":1249,"comment_status":"open","ping_status":"closed","template":"","meta":[],"product_brand":[113],"product_cat":[89,54],"product_tag":[],"class_list":{"0":"post-1248","1":"product","2":"type-product","3":"status-publish","4":"has-post-thumbnail","6":"product_brand-staub","7":"product_cat-motoculteur-motobineuse","8":"product_cat-staub","10":"first","11":"instock","12":"shipping-taxable","13":"purchasable","14":"product-type-simple"},"post_mailing_queue_ids":[],"_links":{"self":[{"href":"https:\/\/motorstandard.fr\/index.php?rest_route=\/wp\/v2\/product\/1248","targetHints":{"allow":["GET"]}}],"collection":[{"href":"https:\/\/motorstandard.fr\/index.php?rest_route=\/wp\/v2\/product"}],"about":[{"href":"https:\/\/motorstandard.fr\/index.php?rest_route=\/wp\/v2\/types\/product"}],"replies":[{"embeddable":true,"href":"https:\/\/motorstandard.fr\/index.php?rest_route=%2Fwp%2Fv2%2Fcomments&post=1248"}],"version-history":[{"count":2,"href":"https:\/\/motorstandard.fr\/index.php?rest_route=\/wp\/v2\/product\/1248\/revisions"}],"predecessor-version":[{"id":29365,"href":"https:\/\/motorstandard.fr\/index.php?rest_route=\/wp\/v2\/product\/1248\/revisions\/29365"}],"wp:featuredmedia":[{"embeddable":true,"href":"https:\/\/motorstandard.fr\/index.php?rest_route=\/wp\/v2\/media\/1249"}],"wp:attachment":[{"href":"https:\/\/motorstandard.fr\/index.php?rest_route=%2Fwp%2Fv2%2Fmedia&parent=1248"}],"wp:term":[{"taxonomy":"product_brand","embeddable":true,"href":"https:\/\/motorstandard.fr\/index.php?rest_route=%2Fwp%2Fv2%2Fproduct_brand&post=1248"},{"taxonomy":"product_cat","embeddable":true,"href":"https:\/\/motorstandard.fr\/index.php?rest_route=%2Fwp%2Fv2%2Fproduct_cat&post=1248"},{"taxonomy":"product_tag","embeddable":true,"href":"https:\/\/motorstandard.fr\/index.php?rest_route=%2Fwp%2Fv2%2Fproduct_tag&post=1248"}],"curies":[{"name":"wp","href":"https:\/\/api.w.org\/{rel}","templated":true}]}}