{"id":1102,"date":"2019-03-11T13:47:14","date_gmt":"2019-03-11T12:47:14","guid":{"rendered":"https:\/\/motorstandard.fr\/?post_type=product&#038;p=1102"},"modified":"2026-04-02T10:07:57","modified_gmt":"2026-04-02T08:07:57","slug":"pointeau-bing-serie-1","status":"publish","type":"product","link":"https:\/\/motorstandard.fr\/?product=pointeau-bing-serie-1","title":{"rendered":"Pointeau BING s\u00e9rie 1"},"content":{"rendered":"<p>Pointeau origine BING pour carburateur BING s\u00e9rie 1 de 19mm, 22mm, 23mm<\/p>\n<p>pour carburateur BING \u00e0 boisseau, cuve non s\u00e9par\u00e9e type : 1\/19\/14, 1\/22\/174, 1\/23\/1 etc&#8230;.<\/p>\n<p>Mont\u00e9 sur Agria, Motostandard&#8230;.<\/p>\n<p>dimension 14.4mm x 5,5mm<\/p>\n<p>ref BING :147-062<\/p>\n<p>En cas de d\u00e9t\u00e9rioration du si\u00e8ge de pointeau, nous contacter<\/p>\n","protected":false},"excerpt":{"rendered":"<p>Pointeau origine BING pour carburateur BING s\u00e9rie 1 de 19mm, 22mm, 23mm pour carburateur BING \u00e0 boisseau, cuve non s\u00e9par\u00e9e<\/p>\n","protected":false},"featured_media":3781,"comment_status":"open","ping_status":"closed","template":"","meta":[],"product_brand":[116],"product_cat":[79,19],"product_tag":[],"class_list":{"0":"post-1102","1":"product","2":"type-product","3":"status-publish","4":"has-post-thumbnail","6":"product_brand-bing","7":"product_cat-carburateurs","8":"product_cat-bing","10":"first","11":"instock","12":"shipping-taxable","13":"purchasable","14":"product-type-simple"},"post_mailing_queue_ids":[],"_links":{"self":[{"href":"https:\/\/motorstandard.fr\/index.php?rest_route=\/wp\/v2\/product\/1102","targetHints":{"allow":["GET"]}}],"collection":[{"href":"https:\/\/motorstandard.fr\/index.php?rest_route=\/wp\/v2\/product"}],"about":[{"href":"https:\/\/motorstandard.fr\/index.php?rest_route=\/wp\/v2\/types\/product"}],"replies":[{"embeddable":true,"href":"https:\/\/motorstandard.fr\/index.php?rest_route=%2Fwp%2Fv2%2Fcomments&post=1102"}],"version-history":[{"count":2,"href":"https:\/\/motorstandard.fr\/index.php?rest_route=\/wp\/v2\/product\/1102\/revisions"}],"predecessor-version":[{"id":29433,"href":"https:\/\/motorstandard.fr\/index.php?rest_route=\/wp\/v2\/product\/1102\/revisions\/29433"}],"wp:featuredmedia":[{"embeddable":true,"href":"https:\/\/motorstandard.fr\/index.php?rest_route=\/wp\/v2\/media\/3781"}],"wp:attachment":[{"href":"https:\/\/motorstandard.fr\/index.php?rest_route=%2Fwp%2Fv2%2Fmedia&parent=1102"}],"wp:term":[{"taxonomy":"product_brand","embeddable":true,"href":"https:\/\/motorstandard.fr\/index.php?rest_route=%2Fwp%2Fv2%2Fproduct_brand&post=1102"},{"taxonomy":"product_cat","embeddable":true,"href":"https:\/\/motorstandard.fr\/index.php?rest_route=%2Fwp%2Fv2%2Fproduct_cat&post=1102"},{"taxonomy":"product_tag","embeddable":true,"href":"https:\/\/motorstandard.fr\/index.php?rest_route=%2Fwp%2Fv2%2Fproduct_tag&post=1102"}],"curies":[{"name":"wp","href":"https:\/\/api.w.org\/{rel}","templated":true}]}}