{"id":30079,"date":"2026-01-06T20:25:53","date_gmt":"2026-01-06T19:25:53","guid":{"rendered":"https:\/\/dev.motorstandard.fr\/?page_id=30079"},"modified":"2026-01-07T10:01:40","modified_gmt":"2026-01-07T09:01:40","slug":"mentions-legales","status":"publish","type":"page","link":"https:\/\/motorstandard.fr\/?page_id=30079","title":{"rendered":"mentions-legales"},"content":{"rendered":"\t\t<div data-elementor-type=\"wp-page\" data-elementor-id=\"30079\" class=\"elementor elementor-30079\">\n\t\t\t\t<div class=\"elementor-element elementor-element-edd257b e-flex e-con-boxed e-con e-parent\" data-id=\"edd257b\" data-element_type=\"container\">\n\t\t\t\t\t<div class=\"e-con-inner\">\n\t\t\t\t<div class=\"elementor-element elementor-element-0af82f5 elementor-widget elementor-widget-wd_text_block\" data-id=\"0af82f5\" data-element_type=\"widget\" data-widget_type=\"wd_text_block.default\">\n\t\t\t\t<div class=\"elementor-widget-container\">\n\t\t\t\t\t\t\t<div class=\"wd-text-block reset-last-child text-left\">\n\t\t\t\n\t\t\t<p>\u00c9diteur du site <br \/>Nom du site : Motorstandard <br \/>Responsable de la publication : MASSON Lionel<br \/>Adresse : 315 impasse du Charmois, 39140 Commenailles <br \/>T\u00e9l\u00e9phone : 06 41 44 29 93 <br \/>Email : motorstandard@gmail.com<\/p><p>H\u00e9bergeur <br \/>Nom : o2switch<br \/>Adresse : Chemin des pardiaux, 63000 Clermont Ferrand<\/p><p>Propri\u00e9t\u00e9 intellectuelle <br \/>L\u2019ensemble du contenu du site (textes, images, logos, graphismes) est la propri\u00e9t\u00e9 exclusive de Motorstandard, sauf mention contraire. <br \/>Toute reproduction est interdite sans autorisation pr\u00e9alable.<\/p><p>Responsabilit\u00e9 <br \/>Motorstandard ne saurait \u00eatre tenue responsable des dommages directs ou indirects caus\u00e9s au mat\u00e9riel de l\u2019utilisateur lors de l\u2019acc\u00e8s au site.<\/p>\n\t\t\t\t\t<\/div>\n\t\t\t\t\t\t<\/div>\n\t\t\t\t<\/div>\n\t\t\t\t\t<\/div>\n\t\t\t\t<\/div>\n\t\t\t\t<\/div>\n\t\t","protected":false},"excerpt":{"rendered":"<p>\u00c9diteur du site Nom du site : Motorstandard Responsable de la publication : MASSON LionelAdresse : 315 impasse du Charmois,<\/p>\n","protected":false},"author":1,"featured_media":0,"parent":0,"menu_order":0,"comment_status":"closed","ping_status":"closed","template":"","meta":{"footnotes":""},"class_list":["post-30079","page","type-page","status-publish","hentry"],"post_mailing_queue_ids":[],"_links":{"self":[{"href":"https:\/\/motorstandard.fr\/index.php?rest_route=\/wp\/v2\/pages\/30079","targetHints":{"allow":["GET"]}}],"collection":[{"href":"https:\/\/motorstandard.fr\/index.php?rest_route=\/wp\/v2\/pages"}],"about":[{"href":"https:\/\/motorstandard.fr\/index.php?rest_route=\/wp\/v2\/types\/page"}],"author":[{"embeddable":true,"href":"https:\/\/motorstandard.fr\/index.php?rest_route=\/wp\/v2\/users\/1"}],"replies":[{"embeddable":true,"href":"https:\/\/motorstandard.fr\/index.php?rest_route=%2Fwp%2Fv2%2Fcomments&post=30079"}],"version-history":[{"count":22,"href":"https:\/\/motorstandard.fr\/index.php?rest_route=\/wp\/v2\/pages\/30079\/revisions"}],"predecessor-version":[{"id":30152,"href":"https:\/\/motorstandard.fr\/index.php?rest_route=\/wp\/v2\/pages\/30079\/revisions\/30152"}],"wp:attachment":[{"href":"https:\/\/motorstandard.fr\/index.php?rest_route=%2Fwp%2Fv2%2Fmedia&parent=30079"}],"curies":[{"name":"wp","href":"https:\/\/api.w.org\/{rel}","templated":true}]}}