{"id":30075,"date":"2026-01-06T20:24:45","date_gmt":"2026-01-06T19:24:45","guid":{"rendered":"https:\/\/dev.motorstandard.fr\/?page_id=30075"},"modified":"2026-01-06T21:01:20","modified_gmt":"2026-01-06T20:01:20","slug":"politique-de-confidentialite","status":"publish","type":"page","link":"https:\/\/motorstandard.fr\/?page_id=30075","title":{"rendered":"Politique de confidentialit\u00e9"},"content":{"rendered":"\t\t<div data-elementor-type=\"wp-page\" data-elementor-id=\"30075\" class=\"elementor elementor-30075\">\n\t\t\t\t<div class=\"elementor-element elementor-element-e2d436d e-flex e-con-boxed e-con e-parent\" data-id=\"e2d436d\" data-element_type=\"container\">\n\t\t\t\t\t<div class=\"e-con-inner\">\n\t\t\t\t<div class=\"elementor-element elementor-element-eeb376c elementor-widget elementor-widget-wd_text_block\" data-id=\"eeb376c\" data-element_type=\"widget\" data-widget_type=\"wd_text_block.default\">\n\t\t\t\t<div class=\"elementor-widget-container\">\n\t\t\t\t\t\t\t<div class=\"wd-text-block reset-last-child text-left\">\n\t\t\t\n\t\t\t<p>Motorstandard respecte la vie priv\u00e9e de ses utilisateurs.<\/p><p>Donn\u00e9es collect\u00e9es <br \/>Les donn\u00e9es collect\u00e9es sont utilis\u00e9es uniquement dans le cadre des commandes et du contact client.<\/p><p>Utilisation des donn\u00e9es <br \/>Les donn\u00e9es personnelles ne sont jamais revendues.<\/p><p>Cookies <br \/>Le site utilise des cookies pour am\u00e9liorer l\u2019exp\u00e9rience utilisateur.<\/p><p>Droits <br \/>Conform\u00e9ment au RGPD, vous disposez d\u2019un droit d\u2019acc\u00e8s, de rectification et de suppression de vos donn\u00e9es.<\/p><p>Contact <br \/>motorstandard@gmail.com<\/p>\n\t\t\t\t\t<\/div>\n\t\t\t\t\t\t<\/div>\n\t\t\t\t<\/div>\n\t\t\t\t\t<\/div>\n\t\t\t\t<\/div>\n\t\t\t\t<\/div>\n\t\t","protected":false},"excerpt":{"rendered":"<p>Motorstandard respecte la vie priv\u00e9e de ses utilisateurs. Donn\u00e9es collect\u00e9es Les donn\u00e9es collect\u00e9es sont utilis\u00e9es uniquement dans le cadre des<\/p>\n","protected":false},"author":1,"featured_media":0,"parent":0,"menu_order":0,"comment_status":"closed","ping_status":"closed","template":"","meta":{"footnotes":""},"class_list":["post-30075","page","type-page","status-publish","hentry"],"post_mailing_queue_ids":[],"_links":{"self":[{"href":"https:\/\/motorstandard.fr\/index.php?rest_route=\/wp\/v2\/pages\/30075","targetHints":{"allow":["GET"]}}],"collection":[{"href":"https:\/\/motorstandard.fr\/index.php?rest_route=\/wp\/v2\/pages"}],"about":[{"href":"https:\/\/motorstandard.fr\/index.php?rest_route=\/wp\/v2\/types\/page"}],"author":[{"embeddable":true,"href":"https:\/\/motorstandard.fr\/index.php?rest_route=\/wp\/v2\/users\/1"}],"replies":[{"embeddable":true,"href":"https:\/\/motorstandard.fr\/index.php?rest_route=%2Fwp%2Fv2%2Fcomments&post=30075"}],"version-history":[{"count":13,"href":"https:\/\/motorstandard.fr\/index.php?rest_route=\/wp\/v2\/pages\/30075\/revisions"}],"predecessor-version":[{"id":30129,"href":"https:\/\/motorstandard.fr\/index.php?rest_route=\/wp\/v2\/pages\/30075\/revisions\/30129"}],"wp:attachment":[{"href":"https:\/\/motorstandard.fr\/index.php?rest_route=%2Fwp%2Fv2%2Fmedia&parent=30075"}],"curies":[{"name":"wp","href":"https:\/\/api.w.org\/{rel}","templated":true}]}}