{"id":30073,"date":"2026-01-06T20:24:17","date_gmt":"2026-01-06T19:24:17","guid":{"rendered":"https:\/\/dev.motorstandard.fr\/?page_id=30073"},"modified":"2026-01-06T20:55:16","modified_gmt":"2026-01-06T19:55:16","slug":"cgv","status":"publish","type":"page","link":"https:\/\/motorstandard.fr\/?page_id=30073","title":{"rendered":"CGV"},"content":{"rendered":"\t\t<div data-elementor-type=\"wp-page\" data-elementor-id=\"30073\" class=\"elementor elementor-30073\">\n\t\t\t\t<div class=\"elementor-element elementor-element-1b0c3f5 e-flex e-con-boxed e-con e-parent\" data-id=\"1b0c3f5\" data-element_type=\"container\">\n\t\t\t\t\t<div class=\"e-con-inner\">\n\t\t\t\t<div class=\"elementor-element elementor-element-4e325f6 elementor-widget elementor-widget-wd_text_block\" data-id=\"4e325f6\" data-element_type=\"widget\" data-widget_type=\"wd_text_block.default\">\n\t\t\t\t<div class=\"elementor-widget-container\">\n\t\t\t\t\t\t\t<div class=\"wd-text-block reset-last-child text-left\">\n\t\t\t\n\t\t\t<p>Les pr\u00e9sentes Conditions G\u00e9n\u00e9rales de Vente r\u00e9gissent les ventes r\u00e9alis\u00e9es sur le site Motorstandard.<\/p><p>Produits <br \/>Les produits propos\u00e9s sont des pi\u00e8ces destin\u00e9es aux tracteurs et motoculteurs anciens.<\/p><p>Prix <br \/>Les prix sont indiqu\u00e9s en euros TTC.<\/p><p>Commande <br \/>Toute commande pass\u00e9e sur le site implique l\u2019acceptation pleine et enti\u00e8re des pr\u00e9sentes CGV.<\/p><p>Paiement <br \/>Le paiement s\u2019effectue par les moyens propos\u00e9s sur le site.<\/p><p>Livraison <br \/>Les d\u00e9lais de livraison sont indiqu\u00e9s lors de la commande.<\/p><p>Droit de r\u00e9tractation <br \/>Conform\u00e9ment \u00e0 la loi, le client dispose d\u2019un d\u00e9lai de 14 jours pour exercer son droit de r\u00e9tractation.<\/p><p>Contact <br \/>Pour toute question : motorstandard@gmail.com<\/p>\n\t\t\t\t\t<\/div>\n\t\t\t\t\t\t<\/div>\n\t\t\t\t<\/div>\n\t\t\t\t\t<\/div>\n\t\t\t\t<\/div>\n\t\t\t\t<\/div>\n\t\t","protected":false},"excerpt":{"rendered":"<p>Les pr\u00e9sentes Conditions G\u00e9n\u00e9rales de Vente r\u00e9gissent les ventes r\u00e9alis\u00e9es sur le site Motorstandard. Produits Les produits propos\u00e9s sont des<\/p>\n","protected":false},"author":1,"featured_media":0,"parent":0,"menu_order":0,"comment_status":"closed","ping_status":"closed","template":"","meta":{"footnotes":""},"class_list":["post-30073","page","type-page","status-publish","hentry"],"post_mailing_queue_ids":[],"_links":{"self":[{"href":"https:\/\/motorstandard.fr\/index.php?rest_route=\/wp\/v2\/pages\/30073","targetHints":{"allow":["GET"]}}],"collection":[{"href":"https:\/\/motorstandard.fr\/index.php?rest_route=\/wp\/v2\/pages"}],"about":[{"href":"https:\/\/motorstandard.fr\/index.php?rest_route=\/wp\/v2\/types\/page"}],"author":[{"embeddable":true,"href":"https:\/\/motorstandard.fr\/index.php?rest_route=\/wp\/v2\/users\/1"}],"replies":[{"embeddable":true,"href":"https:\/\/motorstandard.fr\/index.php?rest_route=%2Fwp%2Fv2%2Fcomments&post=30073"}],"version-history":[{"count":13,"href":"https:\/\/motorstandard.fr\/index.php?rest_route=\/wp\/v2\/pages\/30073\/revisions"}],"predecessor-version":[{"id":30108,"href":"https:\/\/motorstandard.fr\/index.php?rest_route=\/wp\/v2\/pages\/30073\/revisions\/30108"}],"wp:attachment":[{"href":"https:\/\/motorstandard.fr\/index.php?rest_route=%2Fwp%2Fv2%2Fmedia&parent=30073"}],"curies":[{"name":"wp","href":"https:\/\/api.w.org\/{rel}","templated":true}]}}