{"id":30025,"date":"2026-01-06T16:34:06","date_gmt":"2026-01-06T15:34:06","guid":{"rendered":"https:\/\/dev.motorstandard.fr\/?page_id=30025"},"modified":"2026-01-06T18:19:00","modified_gmt":"2026-01-06T17:19:00","slug":"moyens-de-paiement","status":"publish","type":"page","link":"https:\/\/motorstandard.fr\/?page_id=30025","title":{"rendered":"Moyens de paiement"},"content":{"rendered":"\t\t<div data-elementor-type=\"wp-page\" data-elementor-id=\"30025\" class=\"elementor elementor-30025\">\n\t\t\t\t<div class=\"elementor-element elementor-element-250cb21b e-flex e-con-boxed e-con e-parent\" data-id=\"250cb21b\" data-element_type=\"container\">\n\t\t\t\t\t<div class=\"e-con-inner\">\n\t\t\t\t<div class=\"elementor-element elementor-element-471b8d73 elementor-widget__width-initial color-scheme-inherit text-left elementor-widget elementor-widget-text-editor\" data-id=\"471b8d73\" data-element_type=\"widget\" data-widget_type=\"text-editor.default\">\n\t\t\t\t\t\t\t\t\t\n<p>Nous proposons des moyens de paiement s\u00e9curis\u00e9s :<\/p>\n\n<ul class=\"wp-block-list\">\n<li>Carte bancaire (CB, Visa, Mastercard)<\/li>\n\n<li>PayPal<\/li>\n\n<li>Virement bancaire<\/li>\n\n<li>ch\u00e8que<\/li>\n<\/ul>\n\n<p>Toutes les transactions sont prot\u00e9g\u00e9es par des syst\u00e8mes de s\u00e9curit\u00e9<br \/>garantissant la confidentialit\u00e9 de vos donn\u00e9es bancaires.<\/p>\n\n<p>Aucune information de paiement n\u2019est stock\u00e9e sur notre site.<\/p>\n\n<p>\u00a0<\/p>\n\t\t\t\t\t\t\t\t<\/div>\n\t\t\t\t\t<\/div>\n\t\t\t\t<\/div>\n\t\t\t\t<\/div>\n\t\t","protected":false},"excerpt":{"rendered":"<p>Nous proposons des moyens de paiement s\u00e9curis\u00e9s : Toutes les transactions sont prot\u00e9g\u00e9es par des syst\u00e8mes de s\u00e9curit\u00e9garantissant la confidentialit\u00e9<\/p>\n","protected":false},"author":1,"featured_media":0,"parent":0,"menu_order":0,"comment_status":"closed","ping_status":"closed","template":"","meta":{"footnotes":""},"class_list":["post-30025","page","type-page","status-publish","hentry"],"post_mailing_queue_ids":[],"_links":{"self":[{"href":"https:\/\/motorstandard.fr\/index.php?rest_route=\/wp\/v2\/pages\/30025","targetHints":{"allow":["GET"]}}],"collection":[{"href":"https:\/\/motorstandard.fr\/index.php?rest_route=\/wp\/v2\/pages"}],"about":[{"href":"https:\/\/motorstandard.fr\/index.php?rest_route=\/wp\/v2\/types\/page"}],"author":[{"embeddable":true,"href":"https:\/\/motorstandard.fr\/index.php?rest_route=\/wp\/v2\/users\/1"}],"replies":[{"embeddable":true,"href":"https:\/\/motorstandard.fr\/index.php?rest_route=%2Fwp%2Fv2%2Fcomments&post=30025"}],"version-history":[{"count":10,"href":"https:\/\/motorstandard.fr\/index.php?rest_route=\/wp\/v2\/pages\/30025\/revisions"}],"predecessor-version":[{"id":30062,"href":"https:\/\/motorstandard.fr\/index.php?rest_route=\/wp\/v2\/pages\/30025\/revisions\/30062"}],"wp:attachment":[{"href":"https:\/\/motorstandard.fr\/index.php?rest_route=%2Fwp%2Fv2%2Fmedia&parent=30025"}],"curies":[{"name":"wp","href":"https:\/\/api.w.org\/{rel}","templated":true}]}}