{"id":30021,"date":"2026-01-06T16:32:46","date_gmt":"2026-01-06T15:32:46","guid":{"rendered":"https:\/\/dev.motorstandard.fr\/?page_id=30021"},"modified":"2026-01-06T18:17:15","modified_gmt":"2026-01-06T17:17:15","slug":"livraison-frais-de-port","status":"publish","type":"page","link":"https:\/\/motorstandard.fr\/?page_id=30021","title":{"rendered":"Livraison &amp; frais de port"},"content":{"rendered":"\t\t<div data-elementor-type=\"wp-page\" data-elementor-id=\"30021\" class=\"elementor elementor-30021\">\n\t\t\t\t<div class=\"elementor-element elementor-element-7b9ba108 e-flex e-con-boxed e-con e-parent\" data-id=\"7b9ba108\" data-element_type=\"container\">\n\t\t\t\t\t<div class=\"e-con-inner\">\n\t\t\t\t<div class=\"elementor-element elementor-element-1a72d849 color-scheme-inherit text-left elementor-widget elementor-widget-text-editor\" data-id=\"1a72d849\" data-element_type=\"widget\" data-widget_type=\"text-editor.default\">\n\t\t\t\t\t\t\t\t\t\n<p>Nous livrons nos pi\u00e8ces en France et dans plusieurs pays d\u2019Europe.<\/p>\n\n\n\n<p>Les frais de port sont calcul\u00e9s automatiquement lors de la commande,<br>en fonction du poids, du transporteur et du pays de destination.<\/p>\n\n\n\n<p>Les commandes sont pr\u00e9par\u00e9es avec soin et exp\u00e9di\u00e9es dans les meilleurs d\u00e9lais.<\/p>\n\n\n\n<p>Un num\u00e9ro de suivi peut \u00eatre communiqu\u00e9 selon le mode de livraison choisi.<\/p>\n\n\n\n<p>Pour toute question concernant la livraison, n\u2019h\u00e9sitez pas \u00e0 nous contacter.<\/p>\n\n\n\n<p><\/p>\n\t\t\t\t\t\t\t\t<\/div>\n\t\t\t\t\t<\/div>\n\t\t\t\t<\/div>\n\t\t\t\t<\/div>\n\t\t","protected":false},"excerpt":{"rendered":"<p>Nous livrons nos pi\u00e8ces en France et dans plusieurs pays d\u2019Europe. Les frais de port sont calcul\u00e9s automatiquement lors de<\/p>\n","protected":false},"author":1,"featured_media":0,"parent":0,"menu_order":0,"comment_status":"closed","ping_status":"closed","template":"","meta":{"footnotes":""},"class_list":["post-30021","page","type-page","status-publish","hentry"],"post_mailing_queue_ids":[],"_links":{"self":[{"href":"https:\/\/motorstandard.fr\/index.php?rest_route=\/wp\/v2\/pages\/30021","targetHints":{"allow":["GET"]}}],"collection":[{"href":"https:\/\/motorstandard.fr\/index.php?rest_route=\/wp\/v2\/pages"}],"about":[{"href":"https:\/\/motorstandard.fr\/index.php?rest_route=\/wp\/v2\/types\/page"}],"author":[{"embeddable":true,"href":"https:\/\/motorstandard.fr\/index.php?rest_route=\/wp\/v2\/users\/1"}],"replies":[{"embeddable":true,"href":"https:\/\/motorstandard.fr\/index.php?rest_route=%2Fwp%2Fv2%2Fcomments&post=30021"}],"version-history":[{"count":6,"href":"https:\/\/motorstandard.fr\/index.php?rest_route=\/wp\/v2\/pages\/30021\/revisions"}],"predecessor-version":[{"id":30056,"href":"https:\/\/motorstandard.fr\/index.php?rest_route=\/wp\/v2\/pages\/30021\/revisions\/30056"}],"wp:attachment":[{"href":"https:\/\/motorstandard.fr\/index.php?rest_route=%2Fwp%2Fv2%2Fmedia&parent=30021"}],"curies":[{"name":"wp","href":"https:\/\/api.w.org\/{rel}","templated":true}]}}